{"id":3309,"date":"2017-01-19T08:10:58","date_gmt":"2017-01-19T08:10:58","guid":{"rendered":"http:\/\/georg-metzgerei.de\/georg17\/?page_id=3309"},"modified":"2021-06-07T06:18:06","modified_gmt":"2021-06-07T06:18:06","slug":"die-metzgerei","status":"publish","type":"page","link":"https:\/\/georg-metzgerei.de\/index.php\/die-metzgerei\/","title":{"rendered":"Die Metzgerei"},"content":{"rendered":"<div id='full_slider_1'  class='avia-fullwidth-slider main_color avia-shadow   avia-builder-el-0  el_before_av_section  avia-builder-el-first   container_wrap sidebar_right'  ><div  class='avia-slideshow av-av_slideshow_full-4f3ef5c0d0c5e5a45e27d5f99336c2be avia-slideshow-featured av_slideshow_full avia-slide-slider av-slideshow-ui av-control-default av-slideshow-manual av-loop-once av-loop-manual-endless av-default-height-applied   avia-slideshow-1' data-slideshow-options=\"{&quot;animation&quot;:&quot;slide&quot;,&quot;autoplay&quot;:false,&quot;loop_autoplay&quot;:&quot;once&quot;,&quot;interval&quot;:5,&quot;loop_manual&quot;:&quot;manual-endless&quot;,&quot;autoplay_stopper&quot;:false,&quot;noNavigation&quot;:false,&quot;bg_slider&quot;:false,&quot;keep_padding&quot;:false,&quot;hoverpause&quot;:false,&quot;show_slide_delay&quot;:0}\"  itemprop=\"image\" itemscope=\"itemscope\" itemtype=\"https:\/\/schema.org\/ImageObject\" ><ul class='avia-slideshow-inner ' style='padding-bottom: 32.749428789%;'><li  class='avia-slideshow-slide av-av_slideshow_full-4f3ef5c0d0c5e5a45e27d5f99336c2be__0  av-single-slide slide-1 slide-odd'><div data-rel='slideshow-1' class='avia-slide-wrap '   ><img decoding=\"async\" fetchpriority=\"high\" class=\"wp-image-4013 avia-img-lazy-loading-not-4013\"  src=\"https:\/\/georg-metzgerei.de\/wp-content\/uploads\/2013\/04\/slider1-1-1313x430.jpg\" width=\"1313\" height=\"430\" title='slider1' alt=''  itemprop=\"thumbnailUrl\"   \/><\/div><\/li><\/ul><\/div><\/div>\n<div id='av_section_1'  class='avia-section av-av_section-bb9bdb22c7f9e6bf1d52c155825dc7f7 main_color avia-section-default avia-no-shadow  avia-builder-el-1  el_after_av_slideshow_full  avia-builder-el-last  avia-bg-style-scroll container_wrap sidebar_right'  ><div class='container av-section-cont-open' ><div class='template-page content  av-content-small alpha units'><div class='post-entry post-entry-type-page post-entry-3309'><div class='entry-content-wrapper clearfix'>\n<section  class='av_textblock_section av-av_textblock-0366cc7376be6c9e82a3e9cc8987b64f '   itemscope=\"itemscope\" itemtype=\"https:\/\/schema.org\/CreativeWork\" ><div class='avia_textblock'  itemprop=\"text\" ><h2><img loading=\"lazy\" decoding=\"async\" class=\"alignleft wp-image-3950\" src=\"https:\/\/georg-metzgerei.de\/wp-content\/uploads\/2017\/01\/2016-Gold-300x168.jpg\" alt=\"2016-gold\" width=\"200\" height=\"112\" srcset=\"https:\/\/georg-metzgerei.de\/wp-content\/uploads\/2017\/01\/2016-Gold-300x168.jpg 300w, https:\/\/georg-metzgerei.de\/wp-content\/uploads\/2017\/01\/2016-Gold-768x429.jpg 768w, https:\/\/georg-metzgerei.de\/wp-content\/uploads\/2017\/01\/2016-Gold-705x394.jpg 705w, https:\/\/georg-metzgerei.de\/wp-content\/uploads\/2017\/01\/2016-Gold-450x252.jpg 450w, https:\/\/georg-metzgerei.de\/wp-content\/uploads\/2017\/01\/2016-Gold.jpg 1000w\" sizes=\"auto, (max-width: 200px) 100vw, 200px\" \/>Ihre Metzgerei Georg in Enkirch<\/h2>\n<p>Die Metzgerei Georg ist die erste Adresse f\u00fcr ausgezeichnete Fleisch- und Wurstwaren in Enkirch und Umgebung. Probieren Sie sich durch mehr als 135 Wurstsorten, von denen viele bei internationalen Wettbewerben Goldmedaillien erhalten haben. Das freut uns und ist zugleich Ansporn f\u00fcr beste Qualit\u00e4t. Wir liefern auch gerne im Ort.<\/p>\n<hr \/>\n<h2><img loading=\"lazy\" decoding=\"async\" class=\"alignleft wp-image-3702\" src=\"https:\/\/georg-metzgerei.de\/wp-content\/uploads\/2017\/01\/schinken-1-300x225.jpg\" alt=\"Schinken\" width=\"200\" height=\"150\" srcset=\"https:\/\/georg-metzgerei.de\/wp-content\/uploads\/2017\/01\/schinken-1-300x225.jpg 300w, https:\/\/georg-metzgerei.de\/wp-content\/uploads\/2017\/01\/schinken-1-450x338.jpg 450w, https:\/\/georg-metzgerei.de\/wp-content\/uploads\/2017\/01\/schinken-1.jpg 600w\" sizes=\"auto, (max-width: 200px) 100vw, 200px\" \/>Wir sind mehr als nur eine Fleischerei<\/h2>\n<p>Frische, geschmacklich einwandfrei W\u00fcrste finden Sie bei vielen Fleischereien. Eine so gro\u00dfe Auswahl an verschiedensten Wurstsorten und Pf\u00e4lzer Spezialit\u00e4ten, allesamt in meisterlicher Qualit\u00e4t, geschmacklich einmalig und auch \u00fcberraschend, finden Sie in der Region nur bei uns.<\/p>\n<hr \/>\n<h2><img loading=\"lazy\" decoding=\"async\" class=\"alignleft wp-image-3838\" src=\"https:\/\/georg-metzgerei.de\/wp-content\/uploads\/wpsg_produktbilder\/20\/posthumbnail\/kaminschinken.jpg\" alt=\"kaminschinken\" width=\"200\" height=\"150\" \/><\/h2>\n<h2>Traditionell innovativ<\/h2>\n<p>Die Metzgerei Georg ist schon seit 1935, gegr\u00fcndet von Richard August Georg, bekannt f\u00fcr hervorragende Qualit\u00e4t. Vor 75 Jahren begann er mit der Herstellung von feinen Wurst- und Schinkenspezialit\u00e4ten. Das Fleischerei-Fachgesch\u00e4ft wird mittlerweile in dritter Generation von Ulrike Georg mit gro\u00dfem Erfolg gef\u00fchrt. Die Mischung aus traditionellen Rezepturen und Herstellungsweisen sowie innovativen Wurstsorten aus eigener Herstellung wei\u00df zu begeistern.<\/p>\n<p>\u00dcberzeugen Sie sich selbst, wir freuen uns auf Ihren Besuch!<\/p>\n<\/div><\/section>\n<\/div><\/div><\/div><!-- close content main div --><\/div><\/div><div id='after_section_1'  class='main_color av_default_container_wrap container_wrap sidebar_right'  ><div class='container av-section-cont-open' ><div class='template-page content  av-content-small alpha units'><div class='post-entry post-entry-type-page post-entry-3309'><div class='entry-content-wrapper clearfix'>\n","protected":false},"excerpt":{"rendered":"<p>Metzgerei Georg in Enkirch-Mosel<br \/>\nUnsere Wurstwaren sind ausgezeichnet! Die Jury hat mehrfach entschieden: Europameister 2012, 2013, 2016. Gold- und Silbermedaillen f\u00fcr herausragende Qualit\u00e4ten von DLG, FEINSCHMECKER, Deutscher Fleischer-Verband, Confr\u00e9rie des Chevaliers, und viele mehr\u2026! Urteilen Sie selbst \u00fcber den Geschmack\u2026<\/p>\n","protected":false},"author":1,"featured_media":0,"parent":0,"menu_order":0,"comment_status":"closed","ping_status":"closed","template":"","meta":{"footnotes":""},"class_list":["post-3309","page","type-page","status-publish","hentry"],"_links":{"self":[{"href":"https:\/\/georg-metzgerei.de\/index.php\/wp-json\/wp\/v2\/pages\/3309","targetHints":{"allow":["GET"]}}],"collection":[{"href":"https:\/\/georg-metzgerei.de\/index.php\/wp-json\/wp\/v2\/pages"}],"about":[{"href":"https:\/\/georg-metzgerei.de\/index.php\/wp-json\/wp\/v2\/types\/page"}],"author":[{"embeddable":true,"href":"https:\/\/georg-metzgerei.de\/index.php\/wp-json\/wp\/v2\/users\/1"}],"replies":[{"embeddable":true,"href":"https:\/\/georg-metzgerei.de\/index.php\/wp-json\/wp\/v2\/comments?post=3309"}],"version-history":[{"count":9,"href":"https:\/\/georg-metzgerei.de\/index.php\/wp-json\/wp\/v2\/pages\/3309\/revisions"}],"predecessor-version":[{"id":4130,"href":"https:\/\/georg-metzgerei.de\/index.php\/wp-json\/wp\/v2\/pages\/3309\/revisions\/4130"}],"wp:attachment":[{"href":"https:\/\/georg-metzgerei.de\/index.php\/wp-json\/wp\/v2\/media?parent=3309"}],"curies":[{"name":"wp","href":"https:\/\/api.w.org\/{rel}","templated":true}]}}