{"id":3358,"date":"2017-01-30T08:37:23","date_gmt":"2017-01-30T08:37:23","guid":{"rendered":"http:\/\/georg-metzgerei.de\/georg17\/?page_id=3358"},"modified":"2017-04-04T13:21:55","modified_gmt":"2017-04-04T13:21:55","slug":"wurstwaren","status":"publish","type":"page","link":"https:\/\/georg-metzgerei.de\/index.php\/wurstwaren\/","title":{"rendered":"Wurstwaren"},"content":{"rendered":"<div id='full_slider_1'  class='avia-fullwidth-slider main_color avia-shadow   avia-builder-el-0  el_before_av_section  avia-builder-el-first   container_wrap sidebar_right'  ><div  class='avia-slideshow av-av_slideshow_full-4f3ef5c0d0c5e5a45e27d5f99336c2be avia-slideshow-featured av_slideshow_full avia-slide-slider av-slideshow-ui av-control-default av-slideshow-manual av-loop-once av-loop-manual-endless av-default-height-applied   avia-slideshow-1' data-slideshow-options=\"{&quot;animation&quot;:&quot;slide&quot;,&quot;autoplay&quot;:false,&quot;loop_autoplay&quot;:&quot;once&quot;,&quot;interval&quot;:5,&quot;loop_manual&quot;:&quot;manual-endless&quot;,&quot;autoplay_stopper&quot;:false,&quot;noNavigation&quot;:false,&quot;bg_slider&quot;:false,&quot;keep_padding&quot;:false,&quot;hoverpause&quot;:false,&quot;show_slide_delay&quot;:0}\"  itemprop=\"image\" itemscope=\"itemscope\" itemtype=\"https:\/\/schema.org\/ImageObject\" ><ul class='avia-slideshow-inner ' style='padding-bottom: 32.749428789%;'><li  class='avia-slideshow-slide av-av_slideshow_full-4f3ef5c0d0c5e5a45e27d5f99336c2be__0  av-single-slide slide-1 slide-odd'><div data-rel='slideshow-1' class='avia-slide-wrap '   ><img decoding=\"async\" fetchpriority=\"high\" class=\"wp-image-4014 avia-img-lazy-loading-not-4014\"  src=\"https:\/\/georg-metzgerei.de\/wp-content\/uploads\/2013\/04\/slider2-1-1313x430.jpg\" width=\"1313\" height=\"430\" title='slider2' alt=''  itemprop=\"thumbnailUrl\"   \/><\/div><\/li><\/ul><\/div><\/div>\n\n<style type=\"text\/css\" data-created_by=\"avia_inline_auto\" id=\"style-css-av-av_section-16116f059afb56b65fe30c6f11a7bc85\">\n.avia-section.av-av_section-16116f059afb56b65fe30c6f11a7bc85 .av-extra-border-element .av-extra-border-inner{\nbackground-color:#ffffff;\n}\n<\/style>\n<div id='av_section_1'  class='avia-section av-av_section-16116f059afb56b65fe30c6f11a7bc85 main_color avia-section-default avia-shadow  avia-builder-el-1  el_after_av_slideshow_full  el_before_av_section  avia-bg-style-scroll av-arrow-down-section container_wrap sidebar_right'  ><div class='container av-section-cont-open' ><div class='template-page content  av-content-small alpha units'><div class='post-entry post-entry-type-page post-entry-3358'><div class='entry-content-wrapper clearfix'>\n\n<style type=\"text\/css\" data-created_by=\"avia_inline_auto\" id=\"style-css-av-av_heading-82981586e8789c7f9306fb33e45156fc\">\n#top .av-special-heading.av-av_heading-82981586e8789c7f9306fb33e45156fc{\npadding-bottom:10px;\n}\nbody .av-special-heading.av-av_heading-82981586e8789c7f9306fb33e45156fc .av-special-heading-tag .heading-char{\nfont-size:25px;\n}\n.av-special-heading.av-av_heading-82981586e8789c7f9306fb33e45156fc .av-subheading{\nfont-size:15px;\n}\n<\/style>\n<div  class='av-special-heading av-av_heading-82981586e8789c7f9306fb33e45156fc av-special-heading-h1  avia-builder-el-2  el_before_av_three_fourth  avia-builder-el-first '><h1 class='av-special-heading-tag '  itemprop=\"headline\"  >Ausgezeichnete Qualit\u00e4t zu fairen Preisen<\/h1><div class=\"special-heading-border\"><div class=\"special-heading-inner-border\"><\/div><\/div><\/div>\n\n<style type=\"text\/css\" data-created_by=\"avia_inline_auto\" id=\"style-css-av-av_three_fourth-6126cab7d8fab8d08143dd2dacdf673c\">\n.flex_column.av-av_three_fourth-6126cab7d8fab8d08143dd2dacdf673c{\nborder-radius:0px 0px 0px 0px;\npadding:0px 0px 0px 0px;\n}\n<\/style>\n<div  class='flex_column av-av_three_fourth-6126cab7d8fab8d08143dd2dacdf673c av_three_fourth  avia-builder-el-3  el_after_av_heading  el_before_av_one_fourth  first flex_column_div av-zero-column-padding  '     ><style type=\"text\/css\" data-created_by=\"avia_inline_auto\" id=\"style-css-av-av_textblock-3326d3317592321e340dbe8477480288\">\n#top .av_textblock_section.av-av_textblock-3326d3317592321e340dbe8477480288 .avia_textblock{\nfont-size:15px;\n}\n<\/style>\n<section  class='av_textblock_section av-av_textblock-3326d3317592321e340dbe8477480288 '   itemscope=\"itemscope\" itemtype=\"https:\/\/schema.org\/CreativeWork\" ><div class='avia_textblock'  itemprop=\"text\" ><p style=\"text-align: justify;\">Unser Team in der Wurstk\u00fcche stellt nach teilweise traditionellen aber auch modernen Verfahren ca. 150 Wurstsorten\/W\u00fcrstchen und Schinken <span style=\"color: #333333;\"><strong>mit besonders geringem Fettanteil<\/strong><\/span> her. Schon beim Wareneingang achten wir sehr auf Frische, Qualit\u00e4t und Herkunft aus der Region. Im Zuge der EU-Zulassung ist u.a. der Wareneingang sehr streng geregelt und wird r\u00fcckverfolgbar dokumentiert.<\/p>\n<p style=\"text-align: justify;\">So k\u00f6nnen Sie sicher sein, beste Herkunfts-Qualit\u00e4t wird zu noch besseren Wurstwaren. Darauf achtet unser Metzgermeister ganz besonders.<\/p>\n<p style=\"text-align: justify;\">Gleichbleibend hohe Qualit\u00e4t von Geschmack und Aussehen sind Garant auch f\u00fcr die vielen Auszeichnungen, die wir in den letzten Jahren immer wieder erhielten. Beste Wurstwaren &#8211; Europaweit. Das ist Ansporn und Freude zugleich.<\/p>\n<p style=\"text-align: justify;\">Wir machen f\u00fcr Sie so weiter!<\/p>\n<p style=\"text-align: justify;\">Viele unserer Wurstwaren k\u00f6nnen Sie auch in unserem <a href=\"https:\/\/georg-metzgerei.de\/index.php\/shop\/\">online-Shop<\/a> bestellen. Stets frisch und beste Qualit\u00e4t <a href=\"https:\/\/georg-metzgerei.de\/index.php\/shop\/\">&gt;&gt;<\/a><br \/>\nOder schauen Sie doch einfach mal bei uns vorbei und probieren Sie!<\/p>\n<\/div><\/section><\/div>\n<style type=\"text\/css\" data-created_by=\"avia_inline_auto\" id=\"style-css-av-av_one_fourth-0aa7055fe62c3622faec82866afbaeb2\">\n.flex_column.av-av_one_fourth-0aa7055fe62c3622faec82866afbaeb2{\nborder-radius:0px 0px 0px 0px;\npadding:0px 0px 0px 0px;\n}\n<\/style>\n<div  class='flex_column av-av_one_fourth-0aa7055fe62c3622faec82866afbaeb2 av_one_fourth  avia-builder-el-5  el_after_av_three_fourth  avia-builder-el-last  flex_column_div av-zero-column-padding  '     ><section  class='av_textblock_section av-av_textblock-0366cc7376be6c9e82a3e9cc8987b64f '   itemscope=\"itemscope\" itemtype=\"https:\/\/schema.org\/CreativeWork\" ><div class='avia_textblock'  itemprop=\"text\" ><p>\u2022 Home<br \/>\n\u2022 Impressum<br \/>\n\u2022 Datenschutz<br \/>\n\u2022 Haftungsausschluss<br \/>\n\u2022 die Metzgerei<br \/>\n\u2022 Wurstwaren<br \/>\n\u2022 Fleischwaren<br \/>\n\u2022 Auszeichnungen<\/p>\n<\/div><\/section><\/div><\/div><\/div><\/div><!-- close content main div --><\/div><div class='av-extra-border-element border-extra-arrow-down'><div class='av-extra-border-outer'><div class='av-extra-border-inner'><\/div><\/div><\/div><\/div>\n<style type=\"text\/css\" data-created_by=\"avia_inline_auto\" id=\"style-css-av-av_section-1b5bbc55184aef3e9d5ff5f03c07dc88\">\n.avia-section.av-av_section-1b5bbc55184aef3e9d5ff5f03c07dc88{\nbackground-color:#d3d3d3;\nbackground-image:unset;\n}\n<\/style>\n<div id='av_section_2'  class='avia-section av-av_section-1b5bbc55184aef3e9d5ff5f03c07dc88 main_color avia-section-default avia-no-shadow  avia-builder-el-7  el_after_av_section  avia-builder-el-last  avia-bg-style-scroll container_wrap sidebar_right'  ><div class='container av-section-cont-open' ><div class='template-page content  av-content-small alpha units'><div class='post-entry post-entry-type-page post-entry-3358'><div class='entry-content-wrapper clearfix'>\n<div id='av-masonry-1' class='av-masonry av-av_masonry_gallery-4d3cb9cf1606022357eb6abb31d45f06 noHover av-fixed-size av-large-gap av-hover-overlay-active av-masonry-animation-active av-masonry-col-6 av-caption-always av-caption-style- av-masonry-gallery ' data-post_id=\"3358\"><div class=\"av-masonry-container isotope av-js-disabled\"><div class='av-masonry-entry isotope-item av-masonry-item-no-image '><\/div><a href=\"https:\/\/georg-metzgerei.de\/wp-content\/uploads\/2017\/01\/chiliringe.jpg\" data-srcset=\"https:\/\/georg-metzgerei.de\/wp-content\/uploads\/2017\/01\/chiliringe.jpg 600w, https:\/\/georg-metzgerei.de\/wp-content\/uploads\/2017\/01\/chiliringe-300x225.jpg 300w, https:\/\/georg-metzgerei.de\/wp-content\/uploads\/2017\/01\/chiliringe-450x338.jpg 450w\" data-sizes=\"(max-width: 600px) 100vw, 600px\"  aria-label=\"Bild Winzer-Chiliringe\"  id='av-masonry-1-item-3701' data-av-masonry-item='3701' class='av-masonry-entry isotope-item post-3701 attachment type-attachment status-inherit hentry  av-masonry-item-with-image' title=\"Winzer-Chiliringe\" alt=\"\"    itemprop=\"thumbnailUrl\" ><div class='av-inner-masonry-sizer'><\/div><figure class='av-inner-masonry main_color'><div class=\"av-masonry-outerimage-container\"><div class='av-masonry-image-container' style=\"background-image: url(https:\/\/georg-metzgerei.de\/wp-content\/uploads\/2017\/01\/chiliringe.jpg);\"  title=\"Winzer-Chiliringe\" ><\/div><\/div><\/figure><\/a><!--end av-masonry entry--><a href=\"https:\/\/georg-metzgerei.de\/wp-content\/uploads\/2017\/01\/schinken-2.jpg\" data-srcset=\"https:\/\/georg-metzgerei.de\/wp-content\/uploads\/2017\/01\/schinken-2.jpg 600w, https:\/\/georg-metzgerei.de\/wp-content\/uploads\/2017\/01\/schinken-2-300x225.jpg 300w, https:\/\/georg-metzgerei.de\/wp-content\/uploads\/2017\/01\/schinken-2-450x338.jpg 450w\" data-sizes=\"(max-width: 600px) 100vw, 600px\"  aria-label=\"Bild schinken\"  id='av-masonry-1-item-3964' data-av-masonry-item='3964' class='av-masonry-entry isotope-item post-3964 attachment type-attachment status-inherit hentry  av-masonry-item-with-image' title=\"schinken\" alt=\"\"    itemprop=\"thumbnailUrl\" ><div class='av-inner-masonry-sizer'><\/div><figure class='av-inner-masonry main_color'><div class=\"av-masonry-outerimage-container\"><div class='av-masonry-image-container' style=\"background-image: url(https:\/\/georg-metzgerei.de\/wp-content\/uploads\/2017\/01\/schinken-2.jpg);\"  title=\"schinken\" ><\/div><\/div><\/figure><\/a><!--end av-masonry entry--><a href=\"https:\/\/georg-metzgerei.de\/wp-content\/uploads\/2017\/01\/saumagen.jpg\" data-srcset=\"https:\/\/georg-metzgerei.de\/wp-content\/uploads\/2017\/01\/saumagen.jpg 600w, https:\/\/georg-metzgerei.de\/wp-content\/uploads\/2017\/01\/saumagen-300x225.jpg 300w, https:\/\/georg-metzgerei.de\/wp-content\/uploads\/2017\/01\/saumagen-450x338.jpg 450w\" data-sizes=\"(max-width: 600px) 100vw, 600px\"  aria-label=\"Bild Saumagen\"  id='av-masonry-1-item-3703' data-av-masonry-item='3703' class='av-masonry-entry isotope-item post-3703 attachment type-attachment status-inherit hentry  av-masonry-item-with-image' title=\"Saumagen\" alt=\"\"    itemprop=\"thumbnailUrl\" ><div class='av-inner-masonry-sizer'><\/div><figure class='av-inner-masonry main_color'><div class=\"av-masonry-outerimage-container\"><div class='av-masonry-image-container' style=\"background-image: url(https:\/\/georg-metzgerei.de\/wp-content\/uploads\/2017\/01\/saumagen.jpg);\"  title=\"Saumagen\" ><\/div><\/div><\/figure><\/a><!--end av-masonry entry--><a href=\"https:\/\/georg-metzgerei.de\/wp-content\/uploads\/2017\/01\/salami.jpg\" data-srcset=\"https:\/\/georg-metzgerei.de\/wp-content\/uploads\/2017\/01\/salami.jpg 600w, https:\/\/georg-metzgerei.de\/wp-content\/uploads\/2017\/01\/salami-300x225.jpg 300w, https:\/\/georg-metzgerei.de\/wp-content\/uploads\/2017\/01\/salami-450x338.jpg 450w\" data-sizes=\"(max-width: 600px) 100vw, 600px\"  aria-label=\"Bild Salami\"  id='av-masonry-1-item-3704' data-av-masonry-item='3704' class='av-masonry-entry isotope-item post-3704 attachment type-attachment status-inherit hentry  av-masonry-item-with-image' title=\"Salami\" alt=\"\"    itemprop=\"thumbnailUrl\" ><div class='av-inner-masonry-sizer'><\/div><figure class='av-inner-masonry main_color'><div class=\"av-masonry-outerimage-container\"><div class='av-masonry-image-container' style=\"background-image: url(https:\/\/georg-metzgerei.de\/wp-content\/uploads\/2017\/01\/salami.jpg);\"  title=\"Salami\" ><\/div><\/div><\/figure><\/a><!--end av-masonry entry--><a href=\"https:\/\/georg-metzgerei.de\/wp-content\/uploads\/2017\/01\/moselknacker.jpg\" data-srcset=\"https:\/\/georg-metzgerei.de\/wp-content\/uploads\/2017\/01\/moselknacker.jpg 600w, https:\/\/georg-metzgerei.de\/wp-content\/uploads\/2017\/01\/moselknacker-300x225.jpg 300w, https:\/\/georg-metzgerei.de\/wp-content\/uploads\/2017\/01\/moselknacker-450x338.jpg 450w\" data-sizes=\"(max-width: 600px) 100vw, 600px\"  aria-label=\"Bild Moselknacker\"  id='av-masonry-1-item-3705' data-av-masonry-item='3705' class='av-masonry-entry isotope-item post-3705 attachment type-attachment status-inherit hentry  av-masonry-item-with-image' title=\"Moselknacker\" alt=\"\"    itemprop=\"thumbnailUrl\" ><div class='av-inner-masonry-sizer'><\/div><figure class='av-inner-masonry main_color'><div class=\"av-masonry-outerimage-container\"><div class='av-masonry-image-container' style=\"background-image: url(https:\/\/georg-metzgerei.de\/wp-content\/uploads\/2017\/01\/moselknacker.jpg);\"  title=\"Moselknacker\" ><\/div><\/div><\/figure><\/a><!--end av-masonry entry--><a href=\"https:\/\/georg-metzgerei.de\/wp-content\/uploads\/2017\/01\/mettwuerstchen.jpg\" data-srcset=\"https:\/\/georg-metzgerei.de\/wp-content\/uploads\/2017\/01\/mettwuerstchen.jpg 600w, https:\/\/georg-metzgerei.de\/wp-content\/uploads\/2017\/01\/mettwuerstchen-300x225.jpg 300w, https:\/\/georg-metzgerei.de\/wp-content\/uploads\/2017\/01\/mettwuerstchen-450x338.jpg 450w\" data-sizes=\"(max-width: 600px) 100vw, 600px\"  aria-label=\"Bild Mettwuerstchen\"  id='av-masonry-1-item-3706' data-av-masonry-item='3706' class='av-masonry-entry isotope-item post-3706 attachment type-attachment status-inherit hentry  av-masonry-item-with-image' title=\"Mettwuerstchen\" alt=\"\"    itemprop=\"thumbnailUrl\" ><div class='av-inner-masonry-sizer'><\/div><figure class='av-inner-masonry main_color'><div class=\"av-masonry-outerimage-container\"><div class='av-masonry-image-container' style=\"background-image: url(https:\/\/georg-metzgerei.de\/wp-content\/uploads\/2017\/01\/mettwuerstchen.jpg);\"  title=\"Mettwuerstchen\" ><\/div><\/div><\/figure><\/a><!--end av-masonry entry--><a href=\"https:\/\/georg-metzgerei.de\/wp-content\/uploads\/2017\/01\/kaesewuerstechen.jpg\" data-srcset=\"https:\/\/georg-metzgerei.de\/wp-content\/uploads\/2017\/01\/kaesewuerstechen.jpg 600w, https:\/\/georg-metzgerei.de\/wp-content\/uploads\/2017\/01\/kaesewuerstechen-300x225.jpg 300w, https:\/\/georg-metzgerei.de\/wp-content\/uploads\/2017\/01\/kaesewuerstechen-450x338.jpg 450w\" data-sizes=\"(max-width: 600px) 100vw, 600px\"  aria-label=\"Bild K\u00e4sew\u00fcrstchen\"  id='av-masonry-1-item-3707' data-av-masonry-item='3707' class='av-masonry-entry isotope-item post-3707 attachment type-attachment status-inherit hentry  av-masonry-item-with-image' title=\"K\u00e4sew\u00fcrstchen\" alt=\"\"    itemprop=\"thumbnailUrl\" ><div class='av-inner-masonry-sizer'><\/div><figure class='av-inner-masonry main_color'><div class=\"av-masonry-outerimage-container\"><div class='av-masonry-image-container' style=\"background-image: url(https:\/\/georg-metzgerei.de\/wp-content\/uploads\/2017\/01\/kaesewuerstechen.jpg);\"  title=\"K\u00e4sew\u00fcrstchen\" ><\/div><\/div><\/figure><\/a><!--end av-masonry entry--><a href=\"https:\/\/georg-metzgerei.de\/wp-content\/uploads\/2017\/01\/kaminschinken.jpg\" data-srcset=\"https:\/\/georg-metzgerei.de\/wp-content\/uploads\/2017\/01\/kaminschinken.jpg 600w, https:\/\/georg-metzgerei.de\/wp-content\/uploads\/2017\/01\/kaminschinken-300x225.jpg 300w, https:\/\/georg-metzgerei.de\/wp-content\/uploads\/2017\/01\/kaminschinken-450x338.jpg 450w\" data-sizes=\"(max-width: 600px) 100vw, 600px\"  aria-label=\"Bild Kaminschinken\"  id='av-masonry-1-item-3708' data-av-masonry-item='3708' class='av-masonry-entry isotope-item post-3708 attachment type-attachment status-inherit hentry  av-masonry-item-with-image' title=\"Kaminschinken\" alt=\"\"    itemprop=\"thumbnailUrl\" ><div class='av-inner-masonry-sizer'><\/div><figure class='av-inner-masonry main_color'><div class=\"av-masonry-outerimage-container\"><div class='av-masonry-image-container' style=\"background-image: url(https:\/\/georg-metzgerei.de\/wp-content\/uploads\/2017\/01\/kaminschinken.jpg);\"  title=\"Kaminschinken\" ><\/div><\/div><\/figure><\/a><!--end av-masonry entry--><a href=\"https:\/\/georg-metzgerei.de\/wp-content\/uploads\/2017\/01\/streichmettwurst.jpg\" data-srcset=\"https:\/\/georg-metzgerei.de\/wp-content\/uploads\/2017\/01\/streichmettwurst.jpg 600w, https:\/\/georg-metzgerei.de\/wp-content\/uploads\/2017\/01\/streichmettwurst-300x225.jpg 300w, https:\/\/georg-metzgerei.de\/wp-content\/uploads\/2017\/01\/streichmettwurst-450x338.jpg 450w\" data-sizes=\"(max-width: 600px) 100vw, 600px\"  aria-label=\"Bild Streichmettwurst\"  id='av-masonry-1-item-3709' data-av-masonry-item='3709' class='av-masonry-entry isotope-item post-3709 attachment type-attachment status-inherit hentry  av-masonry-item-with-image' title=\"Streichmettwurst\" alt=\"\"    itemprop=\"thumbnailUrl\" ><div class='av-inner-masonry-sizer'><\/div><figure class='av-inner-masonry main_color'><div class=\"av-masonry-outerimage-container\"><div class='av-masonry-image-container' style=\"background-image: url(https:\/\/georg-metzgerei.de\/wp-content\/uploads\/2017\/01\/streichmettwurst.jpg);\"  title=\"Streichmettwurst\" ><\/div><\/div><\/figure><\/a><!--end av-masonry entry--><a href=\"https:\/\/georg-metzgerei.de\/wp-content\/uploads\/2017\/01\/zwiebelwurst.jpg\" data-srcset=\"https:\/\/georg-metzgerei.de\/wp-content\/uploads\/2017\/01\/zwiebelwurst.jpg 600w, https:\/\/georg-metzgerei.de\/wp-content\/uploads\/2017\/01\/zwiebelwurst-300x225.jpg 300w, https:\/\/georg-metzgerei.de\/wp-content\/uploads\/2017\/01\/zwiebelwurst-450x338.jpg 450w\" data-sizes=\"(max-width: 600px) 100vw, 600px\"  aria-label=\"Bild Zwiebel-Mettwurst\"  id='av-masonry-1-item-3710' data-av-masonry-item='3710' class='av-masonry-entry isotope-item post-3710 attachment type-attachment status-inherit hentry  av-masonry-item-with-image' title=\"Zwiebel-Mettwurst\" alt=\"\"    itemprop=\"thumbnailUrl\" ><div class='av-inner-masonry-sizer'><\/div><figure class='av-inner-masonry main_color'><div class=\"av-masonry-outerimage-container\"><div class='av-masonry-image-container' style=\"background-image: url(https:\/\/georg-metzgerei.de\/wp-content\/uploads\/2017\/01\/zwiebelwurst.jpg);\"  title=\"Zwiebel-Mettwurst\" ><\/div><\/div><\/figure><\/a><!--end av-masonry entry--><a href=\"https:\/\/georg-metzgerei.de\/wp-content\/uploads\/2017\/01\/Heinzelm.jpg\" data-srcset=\"https:\/\/georg-metzgerei.de\/wp-content\/uploads\/2017\/01\/Heinzelm.jpg 600w, https:\/\/georg-metzgerei.de\/wp-content\/uploads\/2017\/01\/Heinzelm-300x225.jpg 300w, https:\/\/georg-metzgerei.de\/wp-content\/uploads\/2017\/01\/Heinzelm-450x338.jpg 450w\" data-sizes=\"(max-width: 600px) 100vw, 600px\"  aria-label=\"Bild Blutwurst im Ring\"  id='av-masonry-1-item-3711' data-av-masonry-item='3711' class='av-masonry-entry isotope-item post-3711 attachment type-attachment status-inherit hentry  av-masonry-item-with-image' title=\"Blutwurst im Ring\" alt=\"\"    itemprop=\"thumbnailUrl\" ><div class='av-inner-masonry-sizer'><\/div><figure class='av-inner-masonry main_color'><div class=\"av-masonry-outerimage-container\"><div class='av-masonry-image-container' style=\"background-image: url(https:\/\/georg-metzgerei.de\/wp-content\/uploads\/2017\/01\/Heinzelm.jpg);\"  title=\"Blutwurst im Ring\" ><\/div><\/div><\/figure><\/a><!--end av-masonry entry--><a href=\"https:\/\/georg-metzgerei.de\/wp-content\/uploads\/2017\/01\/fleischwurst.jpg\" data-srcset=\"https:\/\/georg-metzgerei.de\/wp-content\/uploads\/2017\/01\/fleischwurst.jpg 600w, https:\/\/georg-metzgerei.de\/wp-content\/uploads\/2017\/01\/fleischwurst-300x225.jpg 300w, https:\/\/georg-metzgerei.de\/wp-content\/uploads\/2017\/01\/fleischwurst-450x338.jpg 450w\" data-sizes=\"(max-width: 600px) 100vw, 600px\"  aria-label=\"Bild Fleischwurst im RIng\"  id='av-masonry-1-item-3712' data-av-masonry-item='3712' class='av-masonry-entry isotope-item post-3712 attachment type-attachment status-inherit hentry  av-masonry-item-with-image' title=\"Fleischwurst im RIng\" alt=\"\"    itemprop=\"thumbnailUrl\" ><div class='av-inner-masonry-sizer'><\/div><figure class='av-inner-masonry main_color'><div class=\"av-masonry-outerimage-container\"><div class='av-masonry-image-container' style=\"background-image: url(https:\/\/georg-metzgerei.de\/wp-content\/uploads\/2017\/01\/fleischwurst.jpg);\"  title=\"Fleischwurst im RIng\" ><\/div><\/div><\/figure><\/a><!--end av-masonry entry--><a href=\"https:\/\/georg-metzgerei.de\/wp-content\/uploads\/2017\/01\/leberwurst.jpg\" data-srcset=\"https:\/\/georg-metzgerei.de\/wp-content\/uploads\/2017\/01\/leberwurst.jpg 600w, https:\/\/georg-metzgerei.de\/wp-content\/uploads\/2017\/01\/leberwurst-300x225.jpg 300w, https:\/\/georg-metzgerei.de\/wp-content\/uploads\/2017\/01\/leberwurst-450x338.jpg 450w\" data-sizes=\"(max-width: 600px) 100vw, 600px\"  aria-label=\"Bild Leberwurst\"  id='av-masonry-1-item-3713' data-av-masonry-item='3713' class='av-masonry-entry isotope-item post-3713 attachment type-attachment status-inherit hentry  av-masonry-item-with-image' title=\"Leberwurst\" alt=\"\"    itemprop=\"thumbnailUrl\" ><div class='av-inner-masonry-sizer'><\/div><figure class='av-inner-masonry main_color'><div class=\"av-masonry-outerimage-container\"><div class='av-masonry-image-container' style=\"background-image: url(https:\/\/georg-metzgerei.de\/wp-content\/uploads\/2017\/01\/leberwurst.jpg);\"  title=\"Leberwurst\" ><\/div><\/div><\/figure><\/a><!--end av-masonry entry--><a href=\"https:\/\/georg-metzgerei.de\/wp-content\/uploads\/2017\/01\/blutwurst.jpg\" data-srcset=\"https:\/\/georg-metzgerei.de\/wp-content\/uploads\/2017\/01\/blutwurst.jpg 600w, https:\/\/georg-metzgerei.de\/wp-content\/uploads\/2017\/01\/blutwurst-300x225.jpg 300w, https:\/\/georg-metzgerei.de\/wp-content\/uploads\/2017\/01\/blutwurst-450x338.jpg 450w\" data-sizes=\"(max-width: 600px) 100vw, 600px\"  aria-label=\"Bild Blutwurst\"  id='av-masonry-1-item-3714' data-av-masonry-item='3714' class='av-masonry-entry isotope-item post-3714 attachment type-attachment status-inherit hentry  av-masonry-item-with-image' title=\"Blutwurst\" alt=\"\"    itemprop=\"thumbnailUrl\" ><div class='av-inner-masonry-sizer'><\/div><figure class='av-inner-masonry main_color'><div class=\"av-masonry-outerimage-container\"><div class='av-masonry-image-container' style=\"background-image: url(https:\/\/georg-metzgerei.de\/wp-content\/uploads\/2017\/01\/blutwurst.jpg);\"  title=\"Blutwurst\" ><\/div><\/div><\/figure><\/a><!--end av-masonry entry--><a href=\"https:\/\/georg-metzgerei.de\/wp-content\/uploads\/2017\/01\/popeye-griller.jpg\" data-srcset=\"https:\/\/georg-metzgerei.de\/wp-content\/uploads\/2017\/01\/popeye-griller.jpg 600w, https:\/\/georg-metzgerei.de\/wp-content\/uploads\/2017\/01\/popeye-griller-300x225.jpg 300w, https:\/\/georg-metzgerei.de\/wp-content\/uploads\/2017\/01\/popeye-griller-450x338.jpg 450w\" data-sizes=\"(max-width: 600px) 100vw, 600px\"  aria-label=\"Bild Popeye-Griller\"  id='av-masonry-1-item-3715' data-av-masonry-item='3715' class='av-masonry-entry isotope-item post-3715 attachment type-attachment status-inherit hentry  av-masonry-item-with-image' title=\"Popeye-Griller\" alt=\"\"    itemprop=\"thumbnailUrl\" ><div class='av-inner-masonry-sizer'><\/div><figure class='av-inner-masonry main_color'><div class=\"av-masonry-outerimage-container\"><div class='av-masonry-image-container' style=\"background-image: url(https:\/\/georg-metzgerei.de\/wp-content\/uploads\/2017\/01\/popeye-griller.jpg);\"  title=\"Popeye-Griller\" ><\/div><\/div><\/figure><\/a><!--end av-masonry entry--><a href=\"https:\/\/georg-metzgerei.de\/wp-content\/uploads\/2017\/01\/winzersalami.jpg\" data-srcset=\"https:\/\/georg-metzgerei.de\/wp-content\/uploads\/2017\/01\/winzersalami.jpg 600w, https:\/\/georg-metzgerei.de\/wp-content\/uploads\/2017\/01\/winzersalami-300x225.jpg 300w, https:\/\/georg-metzgerei.de\/wp-content\/uploads\/2017\/01\/winzersalami-450x338.jpg 450w\" data-sizes=\"(max-width: 600px) 100vw, 600px\"  aria-label=\"Bild Winzersalami\"  id='av-masonry-1-item-3716' data-av-masonry-item='3716' class='av-masonry-entry isotope-item post-3716 attachment type-attachment status-inherit hentry  av-masonry-item-with-image' title=\"Winzersalami\" alt=\"\"    itemprop=\"thumbnailUrl\" ><div class='av-inner-masonry-sizer'><\/div><figure class='av-inner-masonry main_color'><div class=\"av-masonry-outerimage-container\"><div class='av-masonry-image-container' style=\"background-image: url(https:\/\/georg-metzgerei.de\/wp-content\/uploads\/2017\/01\/winzersalami.jpg);\"  title=\"Winzersalami\" ><\/div><\/div><\/figure><\/a><!--end av-masonry entry--><\/div><\/div>\n<\/div><\/div><\/div><!-- close content main div --><\/div><\/div><div id='after_section_2'  class='main_color av_default_container_wrap container_wrap sidebar_right'  ><div class='container av-section-cont-open' ><div class='template-page content  av-content-small alpha units'><div class='post-entry post-entry-type-page post-entry-3358'><div class='entry-content-wrapper clearfix'>\n","protected":false},"excerpt":{"rendered":"<p>Metzgerei Georg in Enkirch-Mosel<br \/>\nUnsere Wurstwaren sind ausgezeichnet! Die Jury hat mehrfach entschieden: Europameister 2012, 2013, 2016. Gold- und Silbermedaillen f\u00fcr herausragende Qualit\u00e4ten von DLG, FEINSCHMECKER, Deutscher Fleischer-Verband, Confr\u00e9rie des Chevaliers, und viele mehr\u2026! Urteilen Sie selbst \u00fcber den Geschmack\u2026<\/p>\n","protected":false},"author":1,"featured_media":0,"parent":0,"menu_order":0,"comment_status":"closed","ping_status":"closed","template":"","meta":{"footnotes":""},"class_list":["post-3358","page","type-page","status-publish","hentry"],"_links":{"self":[{"href":"https:\/\/georg-metzgerei.de\/index.php\/wp-json\/wp\/v2\/pages\/3358","targetHints":{"allow":["GET"]}}],"collection":[{"href":"https:\/\/georg-metzgerei.de\/index.php\/wp-json\/wp\/v2\/pages"}],"about":[{"href":"https:\/\/georg-metzgerei.de\/index.php\/wp-json\/wp\/v2\/types\/page"}],"author":[{"embeddable":true,"href":"https:\/\/georg-metzgerei.de\/index.php\/wp-json\/wp\/v2\/users\/1"}],"replies":[{"embeddable":true,"href":"https:\/\/georg-metzgerei.de\/index.php\/wp-json\/wp\/v2\/comments?post=3358"}],"version-history":[{"count":22,"href":"https:\/\/georg-metzgerei.de\/index.php\/wp-json\/wp\/v2\/pages\/3358\/revisions"}],"predecessor-version":[{"id":4049,"href":"https:\/\/georg-metzgerei.de\/index.php\/wp-json\/wp\/v2\/pages\/3358\/revisions\/4049"}],"wp:attachment":[{"href":"https:\/\/georg-metzgerei.de\/index.php\/wp-json\/wp\/v2\/media?parent=3358"}],"curies":[{"name":"wp","href":"https:\/\/api.w.org\/{rel}","templated":true}]}}