{"id":3385,"date":"2017-01-30T10:42:22","date_gmt":"2017-01-30T10:42:22","guid":{"rendered":"http:\/\/georg-metzgerei.de\/georg17\/?page_id=3385"},"modified":"2017-05-02T14:55:30","modified_gmt":"2017-05-02T14:55:30","slug":"fleischwaren-2","status":"publish","type":"page","link":"https:\/\/georg-metzgerei.de\/index.php\/fleischwaren-2\/","title":{"rendered":"Fleischwaren"},"content":{"rendered":"<div id='full_slider_1'  class='avia-fullwidth-slider main_color avia-shadow   avia-builder-el-0  el_before_av_section  avia-builder-el-first   container_wrap sidebar_right'  ><div  class='avia-slideshow av-av_slideshow_full-4f3ef5c0d0c5e5a45e27d5f99336c2be avia-slideshow-featured av_slideshow_full avia-slide-slider av-slideshow-ui av-control-default av-slideshow-manual av-loop-once av-loop-manual-endless av-default-height-applied   avia-slideshow-1' data-slideshow-options=\"{&quot;animation&quot;:&quot;slide&quot;,&quot;autoplay&quot;:false,&quot;loop_autoplay&quot;:&quot;once&quot;,&quot;interval&quot;:5,&quot;loop_manual&quot;:&quot;manual-endless&quot;,&quot;autoplay_stopper&quot;:false,&quot;noNavigation&quot;:false,&quot;bg_slider&quot;:false,&quot;keep_padding&quot;:false,&quot;hoverpause&quot;:false,&quot;show_slide_delay&quot;:0}\"  itemprop=\"image\" itemscope=\"itemscope\" itemtype=\"https:\/\/schema.org\/ImageObject\" ><ul class='avia-slideshow-inner ' style='padding-bottom: 32.749428789%;'><li  class='avia-slideshow-slide av-av_slideshow_full-4f3ef5c0d0c5e5a45e27d5f99336c2be__0  av-single-slide slide-1 slide-odd'><div data-rel='slideshow-1' class='avia-slide-wrap '   ><img decoding=\"async\" fetchpriority=\"high\" class=\"wp-image-4012 avia-img-lazy-loading-not-4012\"  src=\"https:\/\/georg-metzgerei.de\/wp-content\/uploads\/2013\/04\/slider3-2-1313x430.jpg\" width=\"1313\" height=\"430\" title='slider3' alt=''  itemprop=\"thumbnailUrl\"   \/><\/div><\/li><\/ul><\/div><\/div>\n\n<style type=\"text\/css\" data-created_by=\"avia_inline_auto\" id=\"style-css-av-av_section-16116f059afb56b65fe30c6f11a7bc85\">\n.avia-section.av-av_section-16116f059afb56b65fe30c6f11a7bc85 .av-extra-border-element .av-extra-border-inner{\nbackground-color:#ffffff;\n}\n<\/style>\n<div id='av_section_1'  class='avia-section av-av_section-16116f059afb56b65fe30c6f11a7bc85 main_color avia-section-default avia-shadow  avia-builder-el-1  el_after_av_slideshow_full  el_before_av_section  avia-bg-style-scroll av-arrow-down-section container_wrap sidebar_right'  ><div class='container av-section-cont-open' ><div class='template-page content  av-content-small alpha units'><div class='post-entry post-entry-type-page post-entry-3385'><div class='entry-content-wrapper clearfix'>\n\n<style type=\"text\/css\" data-created_by=\"avia_inline_auto\" id=\"style-css-av-av_heading-82981586e8789c7f9306fb33e45156fc\">\n#top .av-special-heading.av-av_heading-82981586e8789c7f9306fb33e45156fc{\npadding-bottom:10px;\n}\nbody .av-special-heading.av-av_heading-82981586e8789c7f9306fb33e45156fc .av-special-heading-tag .heading-char{\nfont-size:25px;\n}\n.av-special-heading.av-av_heading-82981586e8789c7f9306fb33e45156fc .av-subheading{\nfont-size:15px;\n}\n<\/style>\n<div  class='av-special-heading av-av_heading-82981586e8789c7f9306fb33e45156fc av-special-heading-h1  avia-builder-el-2  el_before_av_three_fourth  avia-builder-el-first '><h1 class='av-special-heading-tag '  itemprop=\"headline\"  >Ausgezeichnete Qualit\u00e4t zu fairen Preisen<\/h1><div class=\"special-heading-border\"><div class=\"special-heading-inner-border\"><\/div><\/div><\/div>\n\n<style type=\"text\/css\" data-created_by=\"avia_inline_auto\" id=\"style-css-av-av_three_fourth-6126cab7d8fab8d08143dd2dacdf673c\">\n.flex_column.av-av_three_fourth-6126cab7d8fab8d08143dd2dacdf673c{\nborder-radius:0px 0px 0px 0px;\npadding:0px 0px 0px 0px;\n}\n<\/style>\n<div  class='flex_column av-av_three_fourth-6126cab7d8fab8d08143dd2dacdf673c av_three_fourth  avia-builder-el-3  el_after_av_heading  el_before_av_one_fourth  first flex_column_div av-zero-column-padding  '     ><section  class='av_textblock_section av-av_textblock-0366cc7376be6c9e82a3e9cc8987b64f '   itemscope=\"itemscope\" itemtype=\"https:\/\/schema.org\/CreativeWork\" ><div class='avia_textblock'  itemprop=\"text\" ><p>Ob Rind, Schwein oder Gefl\u00fcgel \u2013 in unserer Fleischerei erhalten Sie ausgezeichnete und absolut frische Qualit\u00e4t von allen Fleischprodukten aus eigener Herstellung. Schon beim Wareneingang achten wir sehr auf Frische und Herkunft aus der Region. Im Zuge der EU-Zulassung ist u.a. der Wareneingang sehr streng geregelt und muss r\u00fcckverfolgbar dokumentiert werden.<\/p>\n<p>Das alles macht letztlich auch den Unterschied unserer Metzgerei zu einer Fleischtheke des Supermarktes.<\/p>\n<p>Ausgesuchtes Fleisch mit regionaler Herkunft und die meisterhafte Weiterverarbeitung sind mit die Garanten f\u00fcr ein &#8222;guten St\u00fcck Fleisch&#8220;.<\/p>\n<p><strong>Eine kleine \u00dcbersicht \u00fcber unsere hochwertigen Fleischprodukte<\/strong><\/p>\n<div class=\"wc-shortcodes-row wc-shortcodes-item wc-shortcodes-clearfix\">\n<div class=\"wc-shortcodes-column wc-shortcodes-content wc-shortcodes-one-half wc-shortcodes-column-first \">\n<div class=\"su-note\"  style=\"border-color:#d4d4cf;border-radius:3px;-moz-border-radius:3px;-webkit-border-radius:3px;\"><div class=\"su-note-inner su-u-clearfix su-u-trim\" style=\"background-color:#eeeee9;border-color:#ffffff;color:#333333;border-radius:3px;-moz-border-radius:3px;-webkit-border-radius:3px;\"><span style=\"font-size: 18pt;\"><strong>Vom Rind<\/strong><\/span><\/p>\n<p><strong>F\u00fcr Pfanne und Grill:<\/strong><br \/>\nFilet, Roastbeef\/ Rumpsteak, H\u00fcfte, Entre cote,<\/p>\n<p><strong>Braten und Schmorgerichte:<\/strong><br \/>\nTafelspitz, Bug, Keule, Rouladen aus der Oberschale, Hohe Rippe,<\/p>\n<p><strong>zum Kochen \/ f\u00fcr Suppen:<\/strong><br \/>\nRinderbrust, Hohe Rippe, Mittelbug, Zunge<\/p>\n<p><\/div><\/div>\n<\/p>\n<\/div>\n<div class=\"wc-shortcodes-column wc-shortcodes-content wc-shortcodes-one-half wc-shortcodes-column-last \">\n<div class=\"su-note\"  style=\"border-color:#d4d4cf;border-radius:3px;-moz-border-radius:3px;-webkit-border-radius:3px;\"><div class=\"su-note-inner su-u-clearfix su-u-trim\" style=\"background-color:#eeeee9;border-color:#ffffff;color:#333333;border-radius:3px;-moz-border-radius:3px;-webkit-border-radius:3px;\"><span style=\"font-size: 18pt;\"><strong>Vom Schwein<\/strong><\/span><\/p>\n<p><strong>F\u00fcr Pfanne und Grill:<\/strong><br \/>\nSchnitzel, Kotelett mit und ohne Knochen auch als Steak, Filet und Schweinebauch, Spare Ribs<\/p>\n<p><strong>Braten und Schmargerichte:<\/strong><br \/>\nSchweinenu\u00df, Oberschale, dicke Rippe, Kamm, Vorder und Hintereisbein<\/p>\n<p><strong>zum Kochen \/ Eintopf:<\/strong><br \/>\nSch\u00e4lrippchen, Vorder und Hintereisbein, Kasseler, ger\u00e4ucherter Schweinebauch,<br \/>\ngep\u00f6kelter Schweinekamm<\/p>\n<p><\/div><\/div>\n<\/p>\n<\/div>\n<\/div>\n<\/div><\/section><\/div>\n<style type=\"text\/css\" data-created_by=\"avia_inline_auto\" id=\"style-css-av-av_one_fourth-0aa7055fe62c3622faec82866afbaeb2\">\n.flex_column.av-av_one_fourth-0aa7055fe62c3622faec82866afbaeb2{\nborder-radius:0px 0px 0px 0px;\npadding:0px 0px 0px 0px;\n}\n<\/style>\n<div  class='flex_column av-av_one_fourth-0aa7055fe62c3622faec82866afbaeb2 av_one_fourth  avia-builder-el-5  el_after_av_three_fourth  avia-builder-el-last  flex_column_div av-zero-column-padding  '     ><section  class='av_textblock_section av-av_textblock-0366cc7376be6c9e82a3e9cc8987b64f '   itemscope=\"itemscope\" itemtype=\"https:\/\/schema.org\/CreativeWork\" ><div class='avia_textblock'  itemprop=\"text\" ><div class=\"su-note\"  style=\"border-color:#721000;border-radius:3px;-moz-border-radius:3px;-webkit-border-radius:3px;\"><div class=\"su-note-inner su-u-clearfix su-u-trim\" style=\"background-color:#8c2a0f;border-color:#fff6db;color:#333333;border-radius:3px;-moz-border-radius:3px;-webkit-border-radius:3px;\"><span style=\"font-size: 18pt; color: #ffffff;\">Besuchen Sie auch unseren Shop.<\/span><\/p>\n<p><span style=\"color: #ffffff;\">Hier k\u00f6nnen Sie unsere guten Produkte auch online bestellen und sie zu sich nach Hause schicken lassen. Die Ware sicher verpackt in Dosen, Gl\u00e4sern oder Vakuum eingeschwei\u00dft. Stets frisch und unterwegs gek\u00fchlt. Und immer mit bestem Geschmack. Probieren Sies mal. Sie werden begeistert sein!<\/span>\u00a0 <span style=\"color: #ffffff;\"><a style=\"color: #ffffff;\" href=\"https:\/\/georg-metzgerei.de\/index.php\/shop\/\">&gt;&gt; zum SHOP &gt;&gt;<\/a><\/span><\/div><\/div>\n<hr \/>\n<p><a href=\"https:\/\/georg-metzgerei.de\/\">\u2022 Home<\/a><br \/>\n<a href=\"https:\/\/georg-metzgerei.de\/index.php\/impressum-2\/\">\u2022 Impressum<\/a><br \/>\n<a href=\"https:\/\/georg-metzgerei.de\/index.php\/datenschutz1\/\">\u2022 Datenschutz<\/a><br \/>\n<a href=\"https:\/\/georg-metzgerei.de\/index.php\/haftungsausschluss\/\">\u2022 Haftungsausschluss<\/a><br \/>\n<a href=\"https:\/\/georg-metzgerei.de\/index.php\/die-metzgerei\/\">\u2022 die Metzgerei<\/a><br \/>\n<a href=\"https:\/\/georg-metzgerei.de\/index.php\/wurstwaren\/\">\u2022 Wurstwaren<\/a><br \/>\n<a href=\"https:\/\/georg-metzgerei.de\/index.php\/fleischwaren-2\/\">\u2022 Fleischwaren<\/a><br \/>\n<a href=\"https:\/\/georg-metzgerei.de\/index.php\/auszeichnungen\/\">\u2022 Auszeichnungen<\/a><br \/>\n<a href=\"https:\/\/georg-metzgerei.de\/index.php\/shop\/\">\u2022 Shop<\/a><\/p>\n<\/div><\/section><\/div><\/div><\/div><\/div><!-- close content main div --><\/div><div class='av-extra-border-element border-extra-arrow-down'><div class='av-extra-border-outer'><div class='av-extra-border-inner'><\/div><\/div><\/div><\/div>\n<style type=\"text\/css\" data-created_by=\"avia_inline_auto\" id=\"style-css-av-av_section-1b5bbc55184aef3e9d5ff5f03c07dc88\">\n.avia-section.av-av_section-1b5bbc55184aef3e9d5ff5f03c07dc88{\nbackground-color:#d3d3d3;\nbackground-image:unset;\n}\n<\/style>\n<div id='av_section_2'  class='avia-section av-av_section-1b5bbc55184aef3e9d5ff5f03c07dc88 main_color avia-section-default avia-no-shadow  avia-builder-el-7  el_after_av_section  avia-builder-el-last  avia-bg-style-scroll container_wrap sidebar_right'  ><div class='container av-section-cont-open' ><div class='template-page content  av-content-small alpha units'><div class='post-entry post-entry-type-page post-entry-3385'><div class='entry-content-wrapper clearfix'>\n<div id='av-masonry-1' class='av-masonry av-av_masonry_gallery-de299bb4fe8a529e111ac95204d07cca noHover av-fixed-size av-large-gap av-hover-overlay-active av-masonry-animation-active av-masonry-col-5 av-caption-always av-caption-style- av-masonry-gallery ' data-post_id=\"3385\"><div class=\"av-masonry-container isotope av-js-disabled\"><div class='av-masonry-entry isotope-item av-masonry-item-no-image '><\/div><div id='av-masonry-1-item-4034' data-av-masonry-item='4034' class='av-masonry-entry isotope-item post-4034 attachment type-attachment status-inherit hentry  av-masonry-item-with-image'    itemprop=\"thumbnailUrl\" ><div class='av-inner-masonry-sizer'><\/div><figure class='av-inner-masonry main_color'><div class=\"av-masonry-outerimage-container\"><div class='av-masonry-image-container' style=\"background-image: url(https:\/\/georg-metzgerei.de\/wp-content\/uploads\/2017\/04\/beaf.jpg);\"  title=\"beaf\" ><\/div><\/div><\/figure><\/div><!--end av-masonry entry--><div id='av-masonry-1-item-4037' data-av-masonry-item='4037' class='av-masonry-entry isotope-item post-4037 attachment type-attachment status-inherit hentry  av-masonry-item-with-image'    itemprop=\"thumbnailUrl\" ><div class='av-inner-masonry-sizer'><\/div><figure class='av-inner-masonry main_color'><div class=\"av-masonry-outerimage-container\"><div class='av-masonry-image-container' style=\"background-image: url(https:\/\/georg-metzgerei.de\/wp-content\/uploads\/2017\/04\/steak.jpg);\"  title=\"steak\" ><\/div><\/div><\/figure><\/div><!--end av-masonry entry--><div id='av-masonry-1-item-4039' data-av-masonry-item='4039' class='av-masonry-entry isotope-item post-4039 attachment type-attachment status-inherit hentry  av-masonry-item-with-image'    itemprop=\"thumbnailUrl\" ><div class='av-inner-masonry-sizer'><\/div><figure class='av-inner-masonry main_color'><div class=\"av-masonry-outerimage-container\"><div class='av-masonry-image-container' style=\"background-image: url(https:\/\/georg-metzgerei.de\/wp-content\/uploads\/2017\/04\/lamm.jpg);\"  title=\"lamm\" ><\/div><\/div><\/figure><\/div><!--end av-masonry entry--><div id='av-masonry-1-item-4038' data-av-masonry-item='4038' class='av-masonry-entry isotope-item post-4038 attachment type-attachment status-inherit hentry  av-masonry-item-with-image'    itemprop=\"thumbnailUrl\" ><div class='av-inner-masonry-sizer'><\/div><figure class='av-inner-masonry main_color'><div class=\"av-masonry-outerimage-container\"><div class='av-masonry-image-container' style=\"background-image: url(https:\/\/georg-metzgerei.de\/wp-content\/uploads\/2017\/04\/hack.jpg);\"  title=\"hack\" ><\/div><\/div><\/figure><\/div><!--end av-masonry entry--><div id='av-masonry-1-item-4035' data-av-masonry-item='4035' class='av-masonry-entry isotope-item post-4035 attachment type-attachment status-inherit hentry  av-masonry-item-with-image'    itemprop=\"thumbnailUrl\" ><div class='av-inner-masonry-sizer'><\/div><figure class='av-inner-masonry main_color'><div class=\"av-masonry-outerimage-container\"><div class='av-masonry-image-container' style=\"background-image: url(https:\/\/georg-metzgerei.de\/wp-content\/uploads\/2017\/04\/mager.jpg);\"  title=\"mager\" ><\/div><\/div><\/figure><\/div><!--end av-masonry entry--><div id='av-masonry-1-item-4036' data-av-masonry-item='4036' class='av-masonry-entry isotope-item post-4036 attachment type-attachment status-inherit hentry  av-masonry-item-with-image'    itemprop=\"thumbnailUrl\" ><div class='av-inner-masonry-sizer'><\/div><figure class='av-inner-masonry main_color'><div class=\"av-masonry-outerimage-container\"><div class='av-masonry-image-container' style=\"background-image: url(https:\/\/georg-metzgerei.de\/wp-content\/uploads\/2017\/04\/chick.jpg);\"  title=\"chick\" ><\/div><\/div><\/figure><\/div><!--end av-masonry entry--><div id='av-masonry-1-item-4033' data-av-masonry-item='4033' class='av-masonry-entry isotope-item post-4033 attachment type-attachment status-inherit hentry  av-masonry-item-with-image'    itemprop=\"thumbnailUrl\" ><div class='av-inner-masonry-sizer'><\/div><figure class='av-inner-masonry main_color'><div class=\"av-masonry-outerimage-container\"><div class='av-masonry-image-container' style=\"background-image: url(https:\/\/georg-metzgerei.de\/wp-content\/uploads\/2017\/04\/kamm.jpg);\"  title=\"kamm\" ><\/div><\/div><\/figure><\/div><!--end av-masonry entry--><\/div><\/div>\n<\/div><\/div><\/div><!-- close content main div --><\/div><\/div><div id='after_section_2'  class='main_color av_default_container_wrap container_wrap sidebar_right'  ><div class='container av-section-cont-open' ><div class='template-page content  av-content-small alpha units'><div class='post-entry post-entry-type-page post-entry-3385'><div class='entry-content-wrapper clearfix'>\n","protected":false},"excerpt":{"rendered":"<p>Metzgerei Georg in Enkirch-Mosel<br \/>\nUnsere Wurstwaren sind ausgezeichnet! Die Jury hat mehrfach entschieden: Europameister 2012, 2013, 2016. Gold- und Silbermedaillen f\u00fcr herausragende Qualit\u00e4ten von DLG, FEINSCHMECKER, Deutscher Fleischer-Verband, Confr\u00e9rie des Chevaliers, und viele mehr\u2026! Urteilen Sie selbst \u00fcber den Geschmack\u2026<\/p>\n","protected":false},"author":1,"featured_media":0,"parent":0,"menu_order":0,"comment_status":"closed","ping_status":"closed","template":"","meta":{"footnotes":""},"class_list":["post-3385","page","type-page","status-publish","hentry"],"_links":{"self":[{"href":"https:\/\/georg-metzgerei.de\/index.php\/wp-json\/wp\/v2\/pages\/3385","targetHints":{"allow":["GET"]}}],"collection":[{"href":"https:\/\/georg-metzgerei.de\/index.php\/wp-json\/wp\/v2\/pages"}],"about":[{"href":"https:\/\/georg-metzgerei.de\/index.php\/wp-json\/wp\/v2\/types\/page"}],"author":[{"embeddable":true,"href":"https:\/\/georg-metzgerei.de\/index.php\/wp-json\/wp\/v2\/users\/1"}],"replies":[{"embeddable":true,"href":"https:\/\/georg-metzgerei.de\/index.php\/wp-json\/wp\/v2\/comments?post=3385"}],"version-history":[{"count":32,"href":"https:\/\/georg-metzgerei.de\/index.php\/wp-json\/wp\/v2\/pages\/3385\/revisions"}],"predecessor-version":[{"id":4065,"href":"https:\/\/georg-metzgerei.de\/index.php\/wp-json\/wp\/v2\/pages\/3385\/revisions\/4065"}],"wp:attachment":[{"href":"https:\/\/georg-metzgerei.de\/index.php\/wp-json\/wp\/v2\/media?parent=3385"}],"curies":[{"name":"wp","href":"https:\/\/api.w.org\/{rel}","templated":true}]}}