{"id":3460,"date":"2017-01-31T17:19:40","date_gmt":"2017-01-31T17:19:40","guid":{"rendered":""},"modified":"2025-10-24T07:27:43","modified_gmt":"2025-10-24T07:27:43","slug":"versandkosten","status":"publish","type":"page","link":"https:\/\/georg-metzgerei.de\/index.php\/versandkosten\/","title":{"rendered":"Versandkosten"},"content":{"rendered":"<p>Die Versandkosten sind wie folgt:<br \/>\nVersandkostenanteil<br \/>\nPakete bis 2 kg 5,00 \u20ac<br \/>\nPakete bis 5 kg 7,00 \u20ac<br \/>\nPakete bis 10 kg 14,00 \u20ac<\/p>\n<p>Selbstabholung kostenfrei.<\/p>\n<p>Wir versenden unsere Ware in gek\u00fchlten Beh\u00e4ltnissen.<\/p>\n<p>Die Ware bleibt als Wert bis zur restlosen Bezahlung mein Eigentum.<\/p>\n<p>Zahlungs- und Erf\u00fcllungsort ist Traben-Trarbach.<\/p>\n","protected":false},"excerpt":{"rendered":"<p>Die Versandkosten sind wie folgt: Versandkostenanteil Pakete bis 2 kg 5,00 \u20ac Pakete bis 5 kg 7,00 \u20ac Pakete bis 10 kg 14,00 \u20ac Selbstabholung kostenfrei. Wir versenden unsere Ware in gek\u00fchlten Beh\u00e4ltnissen. Die Ware bleibt als Wert bis zur restlosen Bezahlung mein Eigentum. Zahlungs- und Erf\u00fcllungsort ist Traben-Trarbach.<\/p>\n","protected":false},"author":1,"featured_media":0,"parent":0,"menu_order":0,"comment_status":"closed","ping_status":"closed","template":"","meta":{"footnotes":""},"class_list":["post-3460","page","type-page","status-publish","hentry"],"_links":{"self":[{"href":"https:\/\/georg-metzgerei.de\/index.php\/wp-json\/wp\/v2\/pages\/3460","targetHints":{"allow":["GET"]}}],"collection":[{"href":"https:\/\/georg-metzgerei.de\/index.php\/wp-json\/wp\/v2\/pages"}],"about":[{"href":"https:\/\/georg-metzgerei.de\/index.php\/wp-json\/wp\/v2\/types\/page"}],"author":[{"embeddable":true,"href":"https:\/\/georg-metzgerei.de\/index.php\/wp-json\/wp\/v2\/users\/1"}],"replies":[{"embeddable":true,"href":"https:\/\/georg-metzgerei.de\/index.php\/wp-json\/wp\/v2\/comments?post=3460"}],"version-history":[{"count":7,"href":"https:\/\/georg-metzgerei.de\/index.php\/wp-json\/wp\/v2\/pages\/3460\/revisions"}],"predecessor-version":[{"id":4181,"href":"https:\/\/georg-metzgerei.de\/index.php\/wp-json\/wp\/v2\/pages\/3460\/revisions\/4181"}],"wp:attachment":[{"href":"https:\/\/georg-metzgerei.de\/index.php\/wp-json\/wp\/v2\/media?parent=3460"}],"curies":[{"name":"wp","href":"https:\/\/api.w.org\/{rel}","templated":true}]}}