{"id":4337,"date":"2025-10-28T07:22:38","date_gmt":"2025-10-28T07:22:38","guid":{"rendered":"https:\/\/georg-metzgerei.de\/?page_id=4337"},"modified":"2025-11-03T16:09:05","modified_gmt":"2025-11-03T16:09:05","slug":"warenkorb","status":"publish","type":"page","link":"https:\/\/georg-metzgerei.de\/index.php\/warenkorb\/","title":{"rendered":"Warenkorb"},"content":{"rendered":"\n<style type=\"text\/css\" data-created_by=\"avia_inline_auto\" id=\"style-css-av-mhag1lz4-d9c55516a8d039657a8a2593e3f2a3a2\">\n#top .av-special-heading.av-mhag1lz4-d9c55516a8d039657a8a2593e3f2a3a2{\npadding-bottom:10px;\n}\nbody .av-special-heading.av-mhag1lz4-d9c55516a8d039657a8a2593e3f2a3a2 .av-special-heading-tag .heading-char{\nfont-size:25px;\n}\n.av-special-heading.av-mhag1lz4-d9c55516a8d039657a8a2593e3f2a3a2 .av-subheading{\nfont-size:15px;\n}\n<\/style>\n<div  class='av-special-heading av-mhag1lz4-d9c55516a8d039657a8a2593e3f2a3a2 av-special-heading-h1 blockquote modern-quote modern-centered  avia-builder-el-0  el_before_av_hr  avia-builder-el-first '><h1 class='av-special-heading-tag '  itemprop=\"headline\"  >Ihr Warenkorb<\/h1><div class=\"special-heading-border\"><div class=\"special-heading-inner-border\"><\/div><\/div><\/div>\n\n<style type=\"text\/css\" data-created_by=\"avia_inline_auto\" id=\"style-css-av-mhag2gaa-a1203b9100ab2e3400c1ab827ed4a4e1\">\n#top .hr.hr-invisible.av-mhag2gaa-a1203b9100ab2e3400c1ab827ed4a4e1{\nheight:50px;\n}\n<\/style>\n<div  class='hr av-mhag2gaa-a1203b9100ab2e3400c1ab827ed4a4e1 hr-invisible  avia-builder-el-1  el_after_av_heading  el_before_av_textblock '><span class='hr-inner '><span class=\"hr-inner-style\"><\/span><\/span><\/div>\n<section  class='av_textblock_section av-mhag0fko-6b4a7ee30212cbee60e995e87ecc648a '   itemscope=\"itemscope\" itemtype=\"https:\/\/schema.org\/CreativeWork\" ><div class='avia_textblock'  itemprop=\"text\" >\n<\/div><\/section>\n<section  class='av_textblock_section av-mhjc4pzf-fc061c0f0230aa9a6476b2343b2f6a4f '   itemscope=\"itemscope\" itemtype=\"https:\/\/schema.org\/CreativeWork\" ><div class='avia_textblock'  itemprop=\"text\" ><h3 class=\"widgettitle\"><span style=\"color: #ff0000;\"><strong>Bitte beachten!<\/strong><\/span><\/h3>\n<div class=\"textwidget\">\n<div class=\"su-note\">\n<div class=\"su-note-inner su-u-clearfix su-u-trim\"><span style=\"color: #ff0000; font-size: 14pt;\">Bitte warten Sie mit der Bezahlung, bis wir Ihnen den tats\u00e4chlichen Preis nennen k\u00f6nnen, da bei Fleisch- und Wurstwaren Gewichtsdifferenzen auftreten k\u00f6nnen. Sie erhalten den exakten Gesamtpreis per Mail nach Fertigstellung der Ware f\u00fcr den Versand. Bitte dann diesen Betrag \u00fcberweisen.<\/span><\/div>\n<\/div>\n<\/div>\n<\/div><\/section>\n","protected":false},"excerpt":{"rendered":"","protected":false},"author":1,"featured_media":0,"parent":0,"menu_order":0,"comment_status":"closed","ping_status":"closed","template":"","meta":{"footnotes":""},"class_list":["post-4337","page","type-page","status-publish","hentry"],"_links":{"self":[{"href":"https:\/\/georg-metzgerei.de\/index.php\/wp-json\/wp\/v2\/pages\/4337","targetHints":{"allow":["GET"]}}],"collection":[{"href":"https:\/\/georg-metzgerei.de\/index.php\/wp-json\/wp\/v2\/pages"}],"about":[{"href":"https:\/\/georg-metzgerei.de\/index.php\/wp-json\/wp\/v2\/types\/page"}],"author":[{"embeddable":true,"href":"https:\/\/georg-metzgerei.de\/index.php\/wp-json\/wp\/v2\/users\/1"}],"replies":[{"embeddable":true,"href":"https:\/\/georg-metzgerei.de\/index.php\/wp-json\/wp\/v2\/comments?post=4337"}],"version-history":[{"count":16,"href":"https:\/\/georg-metzgerei.de\/index.php\/wp-json\/wp\/v2\/pages\/4337\/revisions"}],"predecessor-version":[{"id":4462,"href":"https:\/\/georg-metzgerei.de\/index.php\/wp-json\/wp\/v2\/pages\/4337\/revisions\/4462"}],"wp:attachment":[{"href":"https:\/\/georg-metzgerei.de\/index.php\/wp-json\/wp\/v2\/media?parent=4337"}],"curies":[{"name":"wp","href":"https:\/\/api.w.org\/{rel}","templated":true}]}}