{"id":734,"date":"2013-04-01T15:37:54","date_gmt":"2013-04-01T15:37:54","guid":{"rendered":"http:\/\/www.kriesi.at\/themes\/enfold\/?page_id=734"},"modified":"2024-12-20T14:10:41","modified_gmt":"2024-12-20T14:10:41","slug":"homepage","status":"publish","type":"page","link":"https:\/\/georg-metzgerei.de\/","title":{"rendered":"Homepage"},"content":{"rendered":"<div id='full_slider_1'  class='avia-fullwidth-slider main_color avia-shadow   avia-builder-el-0  el_before_av_textblock  avia-builder-el-first   container_wrap sidebar_right'  ><div  class='avia-slideshow av-wvfq-c5d95a563b2bbaed7abdcc2567e78d9f avia-slideshow-featured_large av_slideshow_full avia-fade-slider av-slideshow-ui av-control-default av-slideshow-autoplay av-loop-endless av-loop-manual-endless av-default-height-applied   avia-slideshow-1' data-slideshow-options=\"{&quot;animation&quot;:&quot;fade&quot;,&quot;autoplay&quot;:true,&quot;loop_autoplay&quot;:&quot;endless&quot;,&quot;interval&quot;:4,&quot;loop_manual&quot;:&quot;manual-endless&quot;,&quot;autoplay_stopper&quot;:false,&quot;noNavigation&quot;:false,&quot;bg_slider&quot;:false,&quot;keep_padding&quot;:false,&quot;hoverpause&quot;:false,&quot;show_slide_delay&quot;:0}\"  itemprop=\"image\" itemscope=\"itemscope\" itemtype=\"https:\/\/schema.org\/ImageObject\" ><ul class='avia-slideshow-inner ' style='padding-bottom: 35.795887281%;'><li  class='avia-slideshow-slide av-wvfq-c5d95a563b2bbaed7abdcc2567e78d9f__0  slide-1 slide-odd'><div data-rel='slideshow-1' class='avia-slide-wrap '   ><div class='av-slideshow-caption av-wvfq-c5d95a563b2bbaed7abdcc2567e78d9f__0 caption_fullwidth caption_left caption_left_framed caption_framed'><div class=\"container caption_container\"><div class=\"slideshow_caption\"><div class=\"slideshow_inner_caption\"><div class=\"slideshow_align_caption\"><h2 class='avia-caption-title '  itemprop=\"name\" >Wir lieben Herausforderungen!<\/h2><div class='avia-caption-content '  itemprop=\"description\" ><p>EUROPAMEISTER 2012, 2013, 2016<\/p>\n<\/div><\/div><\/div><\/div><\/div><\/div><img decoding=\"async\" fetchpriority=\"high\" class=\"wp-image-4011 avia-img-lazy-loading-not-4011\"  src=\"https:\/\/georg-metzgerei.de\/wp-content\/uploads\/2013\/04\/slider4.jpg\" width=\"1313\" height=\"470\" title='slider4' alt=''  itemprop=\"thumbnailUrl\" srcset=\"https:\/\/georg-metzgerei.de\/wp-content\/uploads\/2013\/04\/slider4.jpg 1313w, https:\/\/georg-metzgerei.de\/wp-content\/uploads\/2013\/04\/slider4-300x107.jpg 300w, https:\/\/georg-metzgerei.de\/wp-content\/uploads\/2013\/04\/slider4-768x275.jpg 768w, https:\/\/georg-metzgerei.de\/wp-content\/uploads\/2013\/04\/slider4-1024x367.jpg 1024w, https:\/\/georg-metzgerei.de\/wp-content\/uploads\/2013\/04\/slider4-705x252.jpg 705w, https:\/\/georg-metzgerei.de\/wp-content\/uploads\/2013\/04\/slider4-450x161.jpg 450w\" sizes=\"(max-width: 1313px) 100vw, 1313px\" \/><\/div><\/li><li  class='avia-slideshow-slide av-wvfq-c5d95a563b2bbaed7abdcc2567e78d9f__1  slide-2 slide-even'><div data-rel='slideshow-1' class='avia-slide-wrap '   ><div class='av-slideshow-caption av-wvfq-c5d95a563b2bbaed7abdcc2567e78d9f__1 caption_fullwidth caption_left caption_left_framed caption_framed'><div class=\"container caption_container\"><div class=\"slideshow_caption\"><div class=\"slideshow_inner_caption\"><div class=\"slideshow_align_caption\"><h2 class='avia-caption-title '  itemprop=\"name\" >Bestes Fleisch aus der Region<\/h2><div class='avia-caption-content '  itemprop=\"description\" ><p>1A Geschmack, 1A Qualit\u00e4t<\/p>\n<\/div><\/div><\/div><\/div><\/div><\/div><img decoding=\"async\" fetchpriority=\"high\" class=\"wp-image-4012 avia-img-lazy-loading-not-4012\"  src=\"https:\/\/georg-metzgerei.de\/wp-content\/uploads\/2013\/04\/slider3-2.jpg\" width=\"1313\" height=\"470\" title='slider3' alt=''  itemprop=\"thumbnailUrl\" srcset=\"https:\/\/georg-metzgerei.de\/wp-content\/uploads\/2013\/04\/slider3-2.jpg 1313w, https:\/\/georg-metzgerei.de\/wp-content\/uploads\/2013\/04\/slider3-2-300x107.jpg 300w, https:\/\/georg-metzgerei.de\/wp-content\/uploads\/2013\/04\/slider3-2-768x275.jpg 768w, https:\/\/georg-metzgerei.de\/wp-content\/uploads\/2013\/04\/slider3-2-1024x367.jpg 1024w, https:\/\/georg-metzgerei.de\/wp-content\/uploads\/2013\/04\/slider3-2-705x252.jpg 705w, https:\/\/georg-metzgerei.de\/wp-content\/uploads\/2013\/04\/slider3-2-450x161.jpg 450w\" sizes=\"(max-width: 1313px) 100vw, 1313px\" \/><\/div><\/li><li  class='avia-slideshow-slide av-wvfq-c5d95a563b2bbaed7abdcc2567e78d9f__2  slide-3 slide-odd'><div data-rel='slideshow-1' class='avia-slide-wrap '   ><div class='av-slideshow-caption av-wvfq-c5d95a563b2bbaed7abdcc2567e78d9f__2 caption_fullwidth caption_left caption_left_framed caption_framed'><div class=\"container caption_container\"><div class=\"slideshow_caption\"><div class=\"slideshow_inner_caption\"><div class=\"slideshow_align_caption\"><h2 class='avia-caption-title '  itemprop=\"name\" >Mit viel Liebe hergestellt.<\/h2><div class='avia-caption-content '  itemprop=\"description\" ><p>Das schmeckt man einfach!<\/p>\n<\/div><\/div><\/div><\/div><\/div><\/div><img decoding=\"async\" fetchpriority=\"high\" class=\"wp-image-4013 avia-img-lazy-loading-not-4013\"  src=\"https:\/\/georg-metzgerei.de\/wp-content\/uploads\/2013\/04\/slider1-1.jpg\" width=\"1313\" height=\"470\" title='slider1' alt=''  itemprop=\"thumbnailUrl\" srcset=\"https:\/\/georg-metzgerei.de\/wp-content\/uploads\/2013\/04\/slider1-1.jpg 1313w, https:\/\/georg-metzgerei.de\/wp-content\/uploads\/2013\/04\/slider1-1-300x107.jpg 300w, https:\/\/georg-metzgerei.de\/wp-content\/uploads\/2013\/04\/slider1-1-768x275.jpg 768w, https:\/\/georg-metzgerei.de\/wp-content\/uploads\/2013\/04\/slider1-1-1024x367.jpg 1024w, https:\/\/georg-metzgerei.de\/wp-content\/uploads\/2013\/04\/slider1-1-705x252.jpg 705w, https:\/\/georg-metzgerei.de\/wp-content\/uploads\/2013\/04\/slider1-1-450x161.jpg 450w\" sizes=\"(max-width: 1313px) 100vw, 1313px\" \/><\/div><\/li><li  class='avia-slideshow-slide av-wvfq-c5d95a563b2bbaed7abdcc2567e78d9f__3  slide-4 slide-even'><div data-rel='slideshow-1' class='avia-slide-wrap '   ><div class='av-slideshow-caption av-wvfq-c5d95a563b2bbaed7abdcc2567e78d9f__3 caption_fullwidth caption_left caption_left_framed caption_framed'><div class=\"container caption_container\"><div class=\"slideshow_caption\"><div class=\"slideshow_inner_caption\"><div class=\"slideshow_align_caption\"><h2 class='avia-caption-title '  itemprop=\"name\" >Meisterhafter Geschmack<\/h2><div class='avia-caption-content '  itemprop=\"description\" ><p>Genauso, wie Sie es m\u00f6gen<\/p>\n<\/div><\/div><\/div><\/div><\/div><\/div><img decoding=\"async\" fetchpriority=\"high\" class=\"wp-image-4014 avia-img-lazy-loading-not-4014\"  src=\"https:\/\/georg-metzgerei.de\/wp-content\/uploads\/2013\/04\/slider2-1.jpg\" width=\"1313\" height=\"470\" title='slider2' alt=''  itemprop=\"thumbnailUrl\" srcset=\"https:\/\/georg-metzgerei.de\/wp-content\/uploads\/2013\/04\/slider2-1.jpg 1313w, https:\/\/georg-metzgerei.de\/wp-content\/uploads\/2013\/04\/slider2-1-300x107.jpg 300w, https:\/\/georg-metzgerei.de\/wp-content\/uploads\/2013\/04\/slider2-1-768x275.jpg 768w, https:\/\/georg-metzgerei.de\/wp-content\/uploads\/2013\/04\/slider2-1-1024x367.jpg 1024w, https:\/\/georg-metzgerei.de\/wp-content\/uploads\/2013\/04\/slider2-1-705x252.jpg 705w, https:\/\/georg-metzgerei.de\/wp-content\/uploads\/2013\/04\/slider2-1-450x161.jpg 450w\" sizes=\"(max-width: 1313px) 100vw, 1313px\" \/><\/div><\/li><\/ul><div class='avia-slideshow-arrows avia-slideshow-controls' ><a href='#prev' class='prev-slide  avia-svg-icon avia-font-svg_entypo-fontello' data-av_svg_icon='left-open-big' data-av_iconset='svg_entypo-fontello' tabindex='-1' title=\"Zur\u00fcck\"><svg version=\"1.1\" xmlns=\"http:\/\/www.w3.org\/2000\/svg\" width=\"15\" height=\"32\" viewBox=\"0 0 15 32\" preserveAspectRatio=\"xMidYMid meet\" aria-labelledby='av-svg-title-1' aria-describedby='av-svg-desc-1' role=\"graphics-symbol\" aria-hidden=\"true\">\n<title id='av-svg-title-1'>Zur\u00fcck<\/title>\n<desc id='av-svg-desc-1'>Zur\u00fcck<\/desc>\n<path d=\"M14.464 27.84q0.832 0.832 0 1.536-0.832 0.832-1.536 0l-12.544-12.608q-0.768-0.768 0-1.6l12.544-12.608q0.704-0.832 1.536 0 0.832 0.704 0 1.536l-11.456 11.904z\"><\/path>\n<\/svg><span class='avia_hidden_link_text'>Zur\u00fcck<\/span><\/a><a href='#next' class='next-slide  avia-svg-icon avia-font-svg_entypo-fontello' data-av_svg_icon='right-open-big' data-av_iconset='svg_entypo-fontello' tabindex='-1' title=\"Weiter\"><svg version=\"1.1\" xmlns=\"http:\/\/www.w3.org\/2000\/svg\" width=\"15\" height=\"32\" viewBox=\"0 0 15 32\" preserveAspectRatio=\"xMidYMid meet\" aria-labelledby='av-svg-title-2' aria-describedby='av-svg-desc-2' role=\"graphics-symbol\" aria-hidden=\"true\">\n<title id='av-svg-title-2'>Weiter<\/title>\n<desc id='av-svg-desc-2'>Weiter<\/desc>\n<path d=\"M0.416 27.84l11.456-11.84-11.456-11.904q-0.832-0.832 0-1.536 0.832-0.832 1.536 0l12.544 12.608q0.768 0.832 0 1.6l-12.544 12.608q-0.704 0.832-1.536 0-0.832-0.704 0-1.536z\"><\/path>\n<\/svg><span class='avia_hidden_link_text'>Weiter<\/span><\/a><\/div><div class='avia-slideshow-dots avia-slideshow-controls'><a href='#1' class='goto-slide active' >1<\/a><a href='#2' class='goto-slide ' >2<\/a><a href='#3' class='goto-slide ' >3<\/a><a href='#4' class='goto-slide ' >4<\/a><\/div><\/div><\/div><div id='after_full_slider_1'  class='main_color av_default_container_wrap container_wrap sidebar_right'  ><div class='container av-section-cont-open' ><div class='template-page content  av-content-small alpha units'><div class='post-entry post-entry-type-page post-entry-734'><div class='entry-content-wrapper clearfix'>\n<section  class='av_textblock_section av-1qb772-06e69762f11e8d493d15b20b08e03c30 '   itemscope=\"itemscope\" itemtype=\"https:\/\/schema.org\/CreativeWork\" ><div class='avia_textblock'  itemprop=\"text\" ><p style=\"text-align: center;\"><span style=\"color: #ff6600;\"><span style=\"font-size: 32pt; font-family: times new roman,times,serif;\"><strong>Unsere Wurstwaren sind ausgezeichnet!<\/strong><\/span><\/span><\/p>\n<hr \/>\n<p style=\"text-align: center;\"><span style=\"color: #ff0000;\"><strong><span style=\"font-size: 32pt; font-family: times new roman, times, serif;\">Wir sind Europameister 2020<br \/>\nVizeeuropameister 2022 und<\/span><\/strong><\/span><\/p>\n<p style=\"text-align: center;\"><span style=\"color: #ff0000;\"><strong><span style=\"font-size: 32pt; font-family: times new roman, times, serif;\">Deutscher Meister 2021!<\/span><\/strong><\/span><\/p>\n<p style=\"text-align: center;\"><span class=\"Stil2\" style=\"font-family: times new roman,times,serif; font-size: 14pt;\">Die Jury hat mehrfach entschieden: (Vize)-Europameister 2012, 2013, 2016, 2020, 2022.<br \/>\nGold- und Silbermedaillen f\u00fcr herausragende Qualit\u00e4ten von DLG, FEINSCHMECKER, Deutscher Fleischer-Verband, Confr\u00e9rie des Chevaliers, und viele mehr&#8230;!<br \/>\nUrteilen Sie selbst \u00fcber den Geschmack&#8230;<\/span><\/p>\n<\/div><\/section>\n\n<style type=\"text\/css\" data-created_by=\"avia_inline_auto\" id=\"style-css-av-1ixeiu-d8c44021f1eb5007d16da81b0e85d6c7\">\n.flex_column.av-1ixeiu-d8c44021f1eb5007d16da81b0e85d6c7{\nborder-radius:0 0 0 0;\npadding:11px 11px 11px 11px;\nbackground-color:#ededed;\n}\n<\/style>\n<div  class='flex_column av-1ixeiu-d8c44021f1eb5007d16da81b0e85d6c7 av_one_third  avia-builder-el-2  el_after_av_textblock  el_before_av_one_third  first flex_column_div  column-top-margin'     ><section  class='av_textblock_section av-1cdgp2-f96ed88d3ae0126387a97797c7ed3056 '   itemscope=\"itemscope\" itemtype=\"https:\/\/schema.org\/CreativeWork\" ><div class='avia_textblock'  itemprop=\"text\" ><p><a href=\"https:\/\/georg-metzgerei.de\/index.php\/auszeichnungen\/\"><img loading=\"lazy\" decoding=\"async\" class=\"size-full wp-image-3912 alignleft\" src=\"https:\/\/georg-metzgerei.de\/wp-content\/uploads\/2013\/04\/gold-silber.png\" alt=\"gold-silber\" width=\"135\" height=\"200\" \/><\/a>Gold- und Silbermedaillen im internationalen Qualit\u00e4tswettbewerb f\u00fcr Wurst, W\u00fcrstchen und f\u00fcr unsere Konserven-Produkte in 2013, 2014, 2015, 2016 &#8230;<br \/>\n<a href=\"https:\/\/georg-metzgerei.de\/index.php\/auszeichnungen\/\">mehr <i class=\"wc-shortcodes-fa fa fa-chevron-right \" style=\"\"><\/i><i class=\"wc-shortcodes-fa fa fa-chevron-right \" style=\"\"><\/i><\/a><\/p>\n<\/div><\/section><\/div>\n\n<style type=\"text\/css\" data-created_by=\"avia_inline_auto\" id=\"style-css-av-19ioum-6000e2995db56da93cf0f9fe858e5f2e\">\n.flex_column.av-19ioum-6000e2995db56da93cf0f9fe858e5f2e{\nborder-radius:0px 0px 0px 0px;\npadding:11px 11px 11px 11px;\nbackground-color:#ededed;\n}\n<\/style>\n<div  class='flex_column av-19ioum-6000e2995db56da93cf0f9fe858e5f2e av_one_third  avia-builder-el-4  el_after_av_one_third  el_before_av_one_third  flex_column_div  column-top-margin'     ><section  class='av_textblock_section av-145bfi-db229dd5c5532dd10c510e4e065f4239 '   itemscope=\"itemscope\" itemtype=\"https:\/\/schema.org\/CreativeWork\" ><div class='avia_textblock'  itemprop=\"text\" ><p><a href=\"https:\/\/georg-metzgerei.de\/index.php\/auszeichnungen\/\"><img loading=\"lazy\" decoding=\"async\" class=\" wp-image-3911 alignleft\" src=\"https:\/\/georg-metzgerei.de\/wp-content\/uploads\/2013\/04\/fgL_gold16.jpg\" alt=\"fgl_gold16\" width=\"142\" height=\"200\" \/><\/a>Auszeichnungen, Urkunden und Pokale in deutschen und internationalen Wettbewerben f\u00fcr eine Vielzahl unserer Produkte von 2005 &#8211; 2017<\/p>\n<p><a href=\"https:\/\/georg-metzgerei.de\/index.php\/auszeichnungen\/\">mehr <i class=\"wc-shortcodes-fa fa fa-chevron-right \" style=\"\"><\/i><i class=\"wc-shortcodes-fa fa fa-chevron-right \" style=\"\"><\/i><\/a><\/p>\n<\/div><\/section><\/div>\n\n<style type=\"text\/css\" data-created_by=\"avia_inline_auto\" id=\"style-css-av-vlfbq-aeea08b4b0d8448500fca716c5459722\">\n.flex_column.av-vlfbq-aeea08b4b0d8448500fca716c5459722{\nborder-radius:0px 0px 0px 0px;\npadding:11px 11px 11px 11px;\nbackground-color:#ededed;\n}\n<\/style>\n<div  class='flex_column av-vlfbq-aeea08b4b0d8448500fca716c5459722 av_one_third  avia-builder-el-6  el_after_av_one_third  el_before_av_section  avia-builder-el-last  flex_column_div  column-top-margin'     ><section  class='av_textblock_section av-ridce-c704d702c85ccaaa15cea454fb017c49 '   itemscope=\"itemscope\" itemtype=\"https:\/\/schema.org\/CreativeWork\" ><div class='avia_textblock'  itemprop=\"text\" ><p><a href=\"https:\/\/georg-metzgerei.de\/index.php\/auszeichnungen\/\"><img loading=\"lazy\" decoding=\"async\" class=\"alignleft size-full wp-image-3918\" src=\"https:\/\/georg-metzgerei.de\/wp-content\/uploads\/2013\/04\/FR.png\" alt=\"fr\" width=\"135\" height=\"203\" \/><\/a> Gewinner im\u00a0Europ\u00e4ischen Fachwettbewerb von 2005 bis 2016 &#8211; Ehrung mit Urkunden, Medaillen und Pokalen&#8230;.<\/p>\n<p><a href=\"https:\/\/georg-metzgerei.de\/index.php\/auszeichnungen\/\">mehr <i class=\"wc-shortcodes-fa fa fa-chevron-right \" style=\"\"><\/i><i class=\"wc-shortcodes-fa fa fa-chevron-right \" style=\"\"><\/i><\/a><\/p>\n<\/div><\/section><\/div>\n<\/div><\/div><\/div><!-- close content main div --><\/div><\/div>\n<style type=\"text\/css\" data-created_by=\"avia_inline_auto\" id=\"style-css-av-l7e1q-d75c0c99c1bc2cdf8aaabb1b87b48d9d\">\n.avia-section.av-l7e1q-d75c0c99c1bc2cdf8aaabb1b87b48d9d{\nbackground-repeat:no-repeat;\nbackground-image:url(https:\/\/georg-metzgerei.de\/wp-content\/uploads\/2013\/04\/slider_cup-1-1210x423.jpg);\nbackground-position:50% 50%;\nbackground-attachment:scroll;\n}\n.avia-section.av-l7e1q-d75c0c99c1bc2cdf8aaabb1b87b48d9d .av-section-color-overlay{\nopacity:0.3;\n}\n.avia-section.av-l7e1q-d75c0c99c1bc2cdf8aaabb1b87b48d9d .av-extra-border-element .av-extra-border-inner{\nbackground-color:#ffffff;\n}\n<\/style>\n<div id='av_section_1'  class='avia-section av-l7e1q-d75c0c99c1bc2cdf8aaabb1b87b48d9d main_color avia-section-no-padding avia-no-shadow  avia-builder-el-8  el_after_av_one_third  el_before_av_section  avia-bg-style-scroll av-section-color-overlay-active av-arrow-down-section av-minimum-height av-minimum-height-custom av-height-custom  container_wrap sidebar_right'  data-section-bg-repeat='no-repeat' data-av_minimum_height_px='500'><div class=\"av-section-color-overlay-wrap\"><div class=\"av-section-color-overlay\"><\/div><div class='container av-section-cont-open' style='height:500px'><div class='template-page content  av-content-small alpha units'><div class='post-entry post-entry-type-page post-entry-734'><div class='entry-content-wrapper clearfix'>\n<\/div><\/div><\/div><!-- close content main div --><\/div><div class='av-extra-border-element border-extra-arrow-down'><div class='av-extra-border-outer'><div class='av-extra-border-inner'><\/div><\/div><\/div><\/div><\/div><div id='av_section_2'  class='avia-section av-f92rq-946b0ca5d6514b1cdb4a38a869e16e5d alternate_color avia-section-large avia-shadow  avia-builder-el-9  el_after_av_section  avia-builder-el-last  avia-bg-style-scroll container_wrap sidebar_right'  ><div class='container av-section-cont-open' ><div class='template-page content  av-content-small alpha units'><div class='post-entry post-entry-type-page post-entry-734'><div class='entry-content-wrapper clearfix'>\n<section  class='av_textblock_section av-9hmem-5d5f11d8ac88ba34ce3f9cf471e02d06 '   itemscope=\"itemscope\" itemtype=\"https:\/\/schema.org\/CreativeWork\" ><div class='avia_textblock'  itemprop=\"text\" ><p style=\"text-align: center;\"><span style=\"color: #ff6600;\"><span style=\"font-size: 36pt; font-family: times new roman,times,serif;\"><strong>Wir geh\u00f6ren zu den Besten in Europa!<br \/>\n<\/strong><\/span><\/span><\/p>\n<p style=\"text-align: center;\"><span style=\"font-size: 14pt;\"><strong>S\u00e4mtliche eingereichten Produkte erzielten die H\u00f6chstpunktzahlen<\/strong><br \/>\nund demonstrierten damit, dass Spitzenleistung im Handwerk nicht eine Sache der Tagesform ist, sondern ein konsequentes Streben nach der besten Qualit\u00e4t widerspiegelt.<\/span><\/p>\n<\/div><\/section>\n<\/div><\/div><\/div><!-- close content main div --><\/div><\/div><div id='after_section_2'  class='main_color av_default_container_wrap container_wrap sidebar_right'  ><div class='container av-section-cont-open' ><div class='template-page content  av-content-small alpha units'><div class='post-entry post-entry-type-page post-entry-734'><div class='entry-content-wrapper clearfix'>\n","protected":false},"excerpt":{"rendered":"<p>Metzgerei Georg in Enkirch-Mosel<br \/>\nUnsere Wurstwaren sind ausgezeichnet! Die Jury hat mehrfach entschieden: Europameister 2012, 2013, 2016. Gold- und Silbermedaillen f\u00fcr herausragende Qualit\u00e4ten von DLG, FEINSCHMECKER, Deutscher Fleischer-Verband, Confr\u00e9rie des Chevaliers, und viele mehr\u2026! Urteilen Sie selbst \u00fcber den Geschmack\u2026<\/p>\n","protected":false},"author":1,"featured_media":0,"parent":0,"menu_order":0,"comment_status":"open","ping_status":"open","template":"","meta":{"footnotes":""},"class_list":["post-734","page","type-page","status-publish","hentry"],"_links":{"self":[{"href":"https:\/\/georg-metzgerei.de\/index.php\/wp-json\/wp\/v2\/pages\/734","targetHints":{"allow":["GET"]}}],"collection":[{"href":"https:\/\/georg-metzgerei.de\/index.php\/wp-json\/wp\/v2\/pages"}],"about":[{"href":"https:\/\/georg-metzgerei.de\/index.php\/wp-json\/wp\/v2\/types\/page"}],"author":[{"embeddable":true,"href":"https:\/\/georg-metzgerei.de\/index.php\/wp-json\/wp\/v2\/users\/1"}],"replies":[{"embeddable":true,"href":"https:\/\/georg-metzgerei.de\/index.php\/wp-json\/wp\/v2\/comments?post=734"}],"version-history":[{"count":87,"href":"https:\/\/georg-metzgerei.de\/index.php\/wp-json\/wp\/v2\/pages\/734\/revisions"}],"predecessor-version":[{"id":4178,"href":"https:\/\/georg-metzgerei.de\/index.php\/wp-json\/wp\/v2\/pages\/734\/revisions\/4178"}],"wp:attachment":[{"href":"https:\/\/georg-metzgerei.de\/index.php\/wp-json\/wp\/v2\/media?parent=734"}],"curies":[{"name":"wp","href":"https:\/\/api.w.org\/{rel}","templated":true}]}}