{"id":4305,"date":"2025-10-27T18:45:01","date_gmt":"2025-10-27T18:45:01","guid":{"rendered":"https:\/\/georg-metzgerei.de\/?post_type=product&#038;p=4305"},"modified":"2025-10-28T09:56:01","modified_gmt":"2025-10-28T09:56:01","slug":"hausmacher-blutwurst-gross","status":"publish","type":"product","link":"https:\/\/georg-metzgerei.de\/index.php\/produkt\/hausmacher-blutwurst-gross\/","title":{"rendered":"Hausmacher Blutwurst gro\u00df"},"content":{"rendered":"","protected":false},"excerpt":{"rendered":"<p><span class=\"fmenge_preis\">1,15 \u20ac<\/span> \/ 100,00 g)<\/p>\n<p>Konservendose ca. 400 g<\/p>\n<p>Zutaten: Schweinefleisch, Rindfleisch, Schweinespeck, Schweineblut, Schweineschwarten, Br\u00fche, Zwiebeln, Gew\u00fcrze, Geschmacksverst\u00e4rker Mononatriumglutamat E621, Nitritp\u00f6kelsalz E 250, Dextrose<\/p>\n<hr \/>\n<p>N\u00e4hrwert\/Brennwert:\u00a0 (kacal\/100g): \u2014\u2014<br \/>\nFettgehalt: \u2014\u2013<br \/>\nFleischeiwei\u00df: \u2014\u2013<br \/>\nAllergene: \u2014\u2014<\/p>\n<hr \/>\n<p>Alle Angaben sind ca.-Angaben!<\/p>\n<p>&nbsp;<\/p>\n","protected":false},"featured_media":4158,"template":"","meta":[],"product_brand":[],"product_cat":[70],"product_tag":[],"class_list":{"0":"post-4305","1":"product","2":"type-product","3":"status-publish","4":"has-post-thumbnail","6":"product_cat-konserven","8":"first","9":"instock","10":"taxable","11":"shipping-taxable","12":"purchasable","13":"product-type-simple"},"_links":{"self":[{"href":"https:\/\/georg-metzgerei.de\/index.php\/wp-json\/wp\/v2\/product\/4305","targetHints":{"allow":["GET"]}}],"collection":[{"href":"https:\/\/georg-metzgerei.de\/index.php\/wp-json\/wp\/v2\/product"}],"about":[{"href":"https:\/\/georg-metzgerei.de\/index.php\/wp-json\/wp\/v2\/types\/product"}],"wp:featuredmedia":[{"embeddable":true,"href":"https:\/\/georg-metzgerei.de\/index.php\/wp-json\/wp\/v2\/media\/4158"}],"wp:attachment":[{"href":"https:\/\/georg-metzgerei.de\/index.php\/wp-json\/wp\/v2\/media?parent=4305"}],"wp:term":[{"taxonomy":"product_brand","embeddable":true,"href":"https:\/\/georg-metzgerei.de\/index.php\/wp-json\/wp\/v2\/product_brand?post=4305"},{"taxonomy":"product_cat","embeddable":true,"href":"https:\/\/georg-metzgerei.de\/index.php\/wp-json\/wp\/v2\/product_cat?post=4305"},{"taxonomy":"product_tag","embeddable":true,"href":"https:\/\/georg-metzgerei.de\/index.php\/wp-json\/wp\/v2\/product_tag?post=4305"}],"curies":[{"name":"wp","href":"https:\/\/api.w.org\/{rel}","templated":true}]}}