{"id":4320,"date":"2025-10-27T19:01:26","date_gmt":"2025-10-27T19:01:26","guid":{"rendered":"https:\/\/georg-metzgerei.de\/?post_type=product&#038;p=4320"},"modified":"2025-10-28T09:53:12","modified_gmt":"2025-10-28T09:53:12","slug":"schaschlik","status":"publish","type":"product","link":"https:\/\/georg-metzgerei.de\/index.php\/produkt\/schaschlik\/","title":{"rendered":"Schaschlik"},"content":{"rendered":"","protected":false},"excerpt":{"rendered":"<p><span class=\"fmenge_preis\">1,47 \u20ac<\/span> \/ 100,00 g)<\/p>\n<p>Konservendose ca. 380 g<\/p>\n<p>Zutaten: Schweinefleisch, Schweineherz, Schweinenieren, Zwiebeln, Trinkwasser, Tomatenmark, mod. St\u00e4rke, Speisesalz, Lactose,Maltodextrin, Gew\u00fcrze, Branntweinessig, Emulgator Citronens\u00e4ureester E 472c, Geschmacksverst\u00e4rker Mononatriumglutamat E 621<\/p>\n<hr \/>\n<p>N\u00e4hrwert\/Brennwert:\u00a0 (kacal\/100g): \u2014\u2014<br \/>\nFettgehalt: \u2014\u2013<br \/>\nFleischeiwei\u00df: \u2014\u2013<br \/>\nAllergene: \u2014\u2014<\/p>\n<hr \/>\n<p>Alle Angaben sind ca.-Angaben!<\/p>\n<p>&nbsp;<\/p>\n","protected":false},"featured_media":4151,"template":"","meta":[],"product_brand":[],"product_cat":[70],"product_tag":[],"class_list":{"0":"post-4320","1":"product","2":"type-product","3":"status-publish","4":"has-post-thumbnail","6":"product_cat-konserven","8":"first","9":"instock","10":"taxable","11":"shipping-taxable","12":"purchasable","13":"product-type-simple"},"_links":{"self":[{"href":"https:\/\/georg-metzgerei.de\/index.php\/wp-json\/wp\/v2\/product\/4320","targetHints":{"allow":["GET"]}}],"collection":[{"href":"https:\/\/georg-metzgerei.de\/index.php\/wp-json\/wp\/v2\/product"}],"about":[{"href":"https:\/\/georg-metzgerei.de\/index.php\/wp-json\/wp\/v2\/types\/product"}],"wp:featuredmedia":[{"embeddable":true,"href":"https:\/\/georg-metzgerei.de\/index.php\/wp-json\/wp\/v2\/media\/4151"}],"wp:attachment":[{"href":"https:\/\/georg-metzgerei.de\/index.php\/wp-json\/wp\/v2\/media?parent=4320"}],"wp:term":[{"taxonomy":"product_brand","embeddable":true,"href":"https:\/\/georg-metzgerei.de\/index.php\/wp-json\/wp\/v2\/product_brand?post=4320"},{"taxonomy":"product_cat","embeddable":true,"href":"https:\/\/georg-metzgerei.de\/index.php\/wp-json\/wp\/v2\/product_cat?post=4320"},{"taxonomy":"product_tag","embeddable":true,"href":"https:\/\/georg-metzgerei.de\/index.php\/wp-json\/wp\/v2\/product_tag?post=4320"}],"curies":[{"name":"wp","href":"https:\/\/api.w.org\/{rel}","templated":true}]}}